{"id":38,"date":"2020-03-21T08:58:39","date_gmt":"2020-03-21T08:58:39","guid":{"rendered":"https:\/\/zahnarzt-chudin.de\/?page_id=38"},"modified":"2021-06-02T07:01:27","modified_gmt":"2021-06-02T07:01:27","slug":"angstpatienten","status":"publish","type":"page","link":"https:\/\/zahnarzt-chudin.de\/ru\/angstpatienten\/","title":{"rendered":"\u0411\u0435\u0441\u043f\u043e\u043a\u043e\u0439\u043d\u044b\u0435 \u043f\u0430\u0446\u0438\u0435\u043d\u0442\u044b"},"content":{"rendered":"<div data-elementor-type=\"wp-page\" data-elementor-id=\"38\" class=\"elementor elementor-38\" data-elementor-post-type=\"page\">\n\t\t\t\t\t\t<section class=\"elementor-section elementor-top-section elementor-element elementor-element-485e4e9d elementor-section-height-min-height elementor-section-boxed elementor-section-height-default elementor-section-items-middle\" data-id=\"485e4e9d\" data-element_type=\"section\" data-e-type=\"section\" data-settings=\"{&quot;background_background&quot;:&quot;classic&quot;}\">\n\t\t\t\t\t\t\t<div class=\"elementor-background-overlay\"><\/div>\n\t\t\t\t\t\t\t<div class=\"elementor-container elementor-column-gap-no\">\n\t\t\t\t\t<div class=\"elementor-column elementor-col-100 elementor-top-column elementor-element elementor-element-41665109\" data-id=\"41665109\" data-element_type=\"column\" data-e-type=\"column\">\n\t\t\t<div class=\"elementor-widget-wrap elementor-element-populated\">\n\t\t\t\t\t\t<section class=\"elementor-section elementor-inner-section elementor-element elementor-element-1f3a00d1 elementor-section-boxed elementor-section-height-default elementor-section-height-default\" data-id=\"1f3a00d1\" data-element_type=\"section\" data-e-type=\"section\">\n\t\t\t\t\t\t<div class=\"elementor-container elementor-column-gap-wider\">\n\t\t\t\t\t<div class=\"elementor-column elementor-col-50 elementor-inner-column elementor-element elementor-element-3d72976e\" data-id=\"3d72976e\" data-element_type=\"column\" data-e-type=\"column\" data-settings=\"{&quot;background_background&quot;:&quot;classic&quot;}\">\n\t\t\t<div class=\"elementor-widget-wrap elementor-element-populated\">\n\t\t\t\t\t\t<div class=\"elementor-element elementor-element-5ef17871 elementor-widget elementor-widget-heading\" data-id=\"5ef17871\" data-element_type=\"widget\" data-e-type=\"widget\" data-widget_type=\"heading.default\">\n\t\t\t\t<div class=\"elementor-widget-container\">\n\t\t\t\t\t<h2 class=\"elementor-heading-title elementor-size-default\">\u0421\u043f\u0435\u0446\u0438\u0430\u043b\u044c\u043d\u043e \u0434\u043b\u044f \u0442\u0435\u0445, \u043a\u0442\u043e \u0431\u043e\u0438\u0442\u0441\u044f \u0437\u0443\u0431\u043d\u044b\u0445 \u0432\u0440\u0430\u0447\u0435\u0439<\/h2>\t\t\t\t<\/div>\n\t\t\t\t<\/div>\n\t\t\t\t<div class=\"elementor-element elementor-element-7cf04c4c elementor-widget elementor-widget-text-editor\" data-id=\"7cf04c4c\" data-element_type=\"widget\" data-e-type=\"widget\" data-widget_type=\"text-editor.default\">\n\t\t\t\t<div class=\"elementor-widget-container\">\n\t\t\t\t\t\t\t\t\t\u041c\u044b \u0432\u0441\u0435\u0433\u0434\u0430 \u0433\u043e\u0442\u043e\u0432\u044b \u0412\u0430\u043c \u043f\u043e\u043c\u043e\u0447\u044c!  \u041c\u044b \u0442\u0449\u0430\u0442\u0435\u043b\u044c\u043d\u043e \u043e\u0431\u044a\u044f\u0441\u043d\u0438\u043c \u0432\u0430\u043c \u043a\u0430\u0436\u0434\u044b\u0439 \u0448\u0430\u0433 \u043b\u0430\u0447\u0435\u043d\u0438\u044f, \u0447\u0442\u043e\u0431\u044b \u0438\u0437\u0431\u0430\u0432\u0438\u0442\u044c \u0432\u0430\u0441  \u043e\u0442 \u0441\u0442\u0440\u0430\u0445\u0430 \u0438   \u043f\u043e\u0447\u0443\u0432\u0441\u0442\u0432\u043e\u0432\u0430\u0442\u044c \u0441\u0435\u0431\u044f \u0443\u0432\u0435\u0440\u0435\u043d\u043d\u0435\u0435. \u0414\u043e\u0432\u0435\u0440\u0442\u0435\u0441\u044c \u043d\u0430\u043c.\n\t\t\t\t\t\t\t\t<\/div>\n\t\t\t\t<\/div>\n\t\t\t\t\t<\/div>\n\t\t<\/div>\n\t\t\t\t<div class=\"elementor-column elementor-col-50 elementor-inner-column elementor-element elementor-element-19029130\" data-id=\"19029130\" data-element_type=\"column\" data-e-type=\"column\">\n\t\t\t<div class=\"elementor-widget-wrap\">\n\t\t\t\t\t\t\t<\/div>\n\t\t<\/div>\n\t\t\t\t\t<\/div>\n\t\t<\/section>\n\t\t\t\t\t<\/div>\n\t\t<\/div>\n\t\t\t\t\t<\/div>\n\t\t<\/section>\n\t\t\t\t<section class=\"elementor-section elementor-top-section elementor-element elementor-element-17e0b50e elementor-section-height-min-height elementor-section-boxed elementor-section-height-default elementor-section-items-middle\" data-id=\"17e0b50e\" data-element_type=\"section\" data-e-type=\"section\" data-settings=\"{&quot;background_background&quot;:&quot;classic&quot;}\">\n\t\t\t\t\t\t<div class=\"elementor-container elementor-column-gap-no\">\n\t\t\t\t\t<div class=\"elementor-column elementor-col-100 elementor-top-column elementor-element elementor-element-3e46c65f\" data-id=\"3e46c65f\" data-element_type=\"column\" data-e-type=\"column\">\n\t\t\t<div class=\"elementor-widget-wrap\">\n\t\t\t\t\t\t\t<\/div>\n\t\t<\/div>\n\t\t\t\t\t<\/div>\n\t\t<\/section>\n\t\t\t\t<section class=\"elementor-section elementor-top-section elementor-element elementor-element-1253ec46 elementor-section-boxed elementor-section-height-default elementor-section-height-default\" data-id=\"1253ec46\" data-element_type=\"section\" data-e-type=\"section\" data-settings=\"{&quot;background_background&quot;:&quot;classic&quot;}\">\n\t\t\t\t\t\t<div class=\"elementor-container elementor-column-gap-no\">\n\t\t\t\t\t<div class=\"elementor-column elementor-col-100 elementor-top-column elementor-element elementor-element-52b4d94a\" data-id=\"52b4d94a\" data-element_type=\"column\" data-e-type=\"column\">\n\t\t\t<div class=\"elementor-widget-wrap elementor-element-populated\">\n\t\t\t\t\t\t<div class=\"elementor-element elementor-element-48a5864b elementor-widget elementor-widget-heading\" data-id=\"48a5864b\" data-element_type=\"widget\" data-e-type=\"widget\" data-widget_type=\"heading.default\">\n\t\t\t\t<div class=\"elementor-widget-container\">\n\t\t\t\t\t<h2 class=\"elementor-heading-title elementor-size-default\">\u043c\u044b \u043b\u0435\u0447\u0438\u043c \u0431\u0435\u0440\u0435\u0436\u043d\u043e<\/h2>\t\t\t\t<\/div>\n\t\t\t\t<\/div>\n\t\t\t\t<div class=\"elementor-element elementor-element-5c302985 elementor-widget elementor-widget-text-editor\" data-id=\"5c302985\" data-element_type=\"widget\" data-e-type=\"widget\" data-widget_type=\"text-editor.default\">\n\t\t\t\t<div class=\"elementor-widget-container\">\n\t\t\t\t\t\t\t\t\t<p class=\"translation-block\">\u0421\u0442\u0440\u0430\u0445 - \u044d\u0442\u043e \u043d\u043e\u0440\u043c\u0430\u043b\u044c\u043d\u043e\u0435 \u0447\u0435\u043b\u043e\u0432\u0435\u0447\u0435\u0441\u043a\u043e\u0435 \u0447\u0443\u0432\u0441\u0442\u0432\u043e. \u0412 \u0441\u0438\u0442\u0443\u0430\u0446\u0438\u044f\u0445, \u043a\u043e\u0442\u043e\u0440\u044b\u0435 \u0432\u043e\u0441\u043f\u0440\u0438\u043d\u0438\u043c\u0430\u044e\u0442\u0441\u044f \u043a\u0430\u043a \u0443\u0433\u0440\u043e\u0436\u0430\u044e\u0449\u0438\u0435, \u044d\u0442\u043e \u0432\u044b\u0440\u0430\u0436\u0430\u0435\u0442\u0441\u044f \u0432 \u0431\u0435\u0441\u043f\u043e\u043a\u043e\u0439\u0441\u0442\u0432\u0435 (\u043d\u0430\u043f\u0440\u0438\u043c\u0435\u0440: \u0432 \u0436\u0435\u043b\u0430\u043d\u0438\u0438 \u0444\u0438\u0437\u0438\u0447\u0435\u0441\u043a\u043e\u0439 \u043d\u0435\u043f\u0440\u0438\u043a\u043e\u0441\u043d\u043e\u0432\u0435\u043d\u043d\u043e\u0441\u0442\u0438).<\/p><p>\u0411\u043e\u043b\u044c\u0448\u0438\u043d\u0441\u0442\u0432\u043e \u043b\u044e\u0434\u0435\u0439 \u0431\u043e\u044f\u0442\u0441\u044f \u0441\u0442\u043e\u043c\u0430\u0442\u043e\u043b\u043e\u0433\u0430. \u0422\u044b \u043d\u0435 \u043e\u0434\u0438\u043d\u043e\u043a! \u041a\u0430\u0436\u0434\u044b\u0439 \u0434\u0435\u0441\u044f\u0442\u044b\u0439 \u0442\u0430\u043a\u0436\u0435 \u0441\u0442\u0440\u0430\u0434\u0430\u0435\u0442 \u043f\u043e\u0434\u043e\u0431\u043d\u043e\u0439 \u0444\u043e\u0431\u0438\u0435\u0439 \u0438 \u043e\u0442\u043a\u043b\u0430\u0434\u044b\u0432\u0430\u0435\u0442 \u0432\u0438\u0437\u0438\u0442 \u043a \u0432\u0440\u0430\u0447\u0443 \u043d\u0430 \u043c\u0430\u043a\u0441\u0438\u043c\u0430\u043b\u044c\u043d\u043e \u0434\u043e\u043b\u0433\u0438\u0439 \u0441\u0440\u043e\u043a.<\/p><p>\u041d\u0430 \u044d\u0442\u043e \u0435\u0441\u0442\u044c \u0440\u0430\u0437\u043d\u044b\u0435 \u043f\u0440\u0438\u0447\u0438\u043d\u044b:<br \/>. \u043d\u0435\u043f\u0440\u0438\u044f\u0442\u043d\u044b\u0435 \u043f\u0435\u0440\u0435\u0436\u0438\u0432\u0430\u043d\u0438\u044f \u0438\u0437 \u0434\u0435\u0442\u0441\u0442\u0432\u0430.<br \/>. \u043d\u0435\u043f\u0440\u0438\u044f\u0442\u043d\u043e\u0435 \u0447\u0443\u0432\u0441\u0442\u0432\u043e \u0431\u0435\u0441\u043f\u043e\u043c\u043e\u0449\u043d\u043e\u0441\u0442\u0438 \u0438 \u0440\u0430\u0437\u043e\u0431\u043b\u0430\u0447\u0435\u043d\u0438\u044f<br \/>. \u041e\u0431\u0441\u0442\u0430\u043d\u043e\u0432\u043a\u0430 \u043f\u0440\u0438 \u043b\u0435\u0447\u0435\u043d\u0438\u0438(\u0437\u0430\u043f\u0430\u0445 \u0438 \u0442. \u0434.).<br \/>. \u0417\u0430\u0442\u0440\u0443\u0434\u043d\u0435\u043d\u0438\u044f \u0438\u0437-\u0437\u0430 \u043f\u043b\u043e\u0445\u043e\u0439 \u0433\u0438\u0433\u0438\u0435\u043d\u044b \u043f\u043e\u043b\u043e\u0441\u0442\u0438 \u0440\u0442\u0430, \u0441\u0442\u0440\u0430\u0445\u0430 \u043a\u0440\u0438\u0442\u0438\u043a\u0438, \u043d\u0435\u0434\u043e\u0432\u0435\u0440\u0438\u044f \u043a \u043f\u0440\u0430\u043a\u0442\u0438\u043a\u0443\u044e\u0449\u0435\u043c\u0443 \u0432\u0440\u0430\u0447\u0443.<br \/>\u041d\u0435\u0433\u0430\u0442\u0438\u0432\u043d\u044b\u0435 \u043f\u0435\u0440\u0435\u0436\u0438\u0432\u0430\u043d\u0438\u044f \u043d\u0430\u0441\u0442\u043e\u043b\u044c\u043a\u043e \u0432\u044b\u0440\u0430\u0436\u0435\u043d\u044b, \u0447\u0442\u043e \u0432 \u043d\u043e\u0440\u043c\u0430\u043b\u044c\u043d\u044b\u0445 \u0443\u0441\u043b\u043e\u0432\u0438\u044f\u0445 \u0442\u0430\u043a\u0438\u0435 \u043f\u0430\u0446\u0438\u0435\u043d\u0442\u044b \u043d\u0435 \u043c\u043e\u0433\u0443\u0442 \u0437\u0430\u0439\u0442\u0438 \u0438\u043b\u0438 \u043e\u0431\u0440\u0430\u0442\u0438\u0442\u044c\u0441\u044f \u043a \u0441\u0442\u043e\u043c\u0430\u0442\u043e\u043b\u043e\u0433\u0443.<\/p><p>\u041a\u0430\u043a \u043c\u044b \u043f\u043e\u043c\u043e\u0433\u0430\u0435\u043c \u0442\u0440\u0435\u0432\u043e\u0436\u043d\u044b\u043c \u043f\u0430\u0446\u0438\u0435\u043d\u0442\u0430\u043c?<br \/>\u041c\u044b \u043f\u0440\u0435\u0434\u043b\u0430\u0433\u0430\u0435\u043c \u043d\u0430\u0448\u0438\u043c \u043f\u0430\u0446\u0438\u0435\u043d\u0442\u0430\u043c \u0440\u0430\u0441\u0441\u043b\u0430\u0431\u043b\u0435\u043d\u043d\u0443\u044e \u0430\u0442\u043c\u043e\u0441\u0444\u0435\u0440\u0443 \u0438 \u043b\u0435\u0447\u0435\u043d\u0438\u0435 \u0431\u0435\u0437 \u0441\u0442\u0440\u0435\u0441\u0441\u0430.<br \/>\u0412\u043e \u0432\u0440\u0435\u043c\u044f \u043b\u0438\u0447\u043d\u043e\u0439 \u0431\u0435\u0441\u0435\u0434\u044b \u043c\u044b \u0432\u044b\u0441\u0442\u0440\u0430\u0438\u0432\u0430\u0435\u043c \u0434\u043e\u0432\u0435\u0440\u0438\u0442\u0435\u043b\u044c\u043d\u044b\u0435 \u043e\u0442\u043d\u043e\u0448\u0435\u043d\u0438\u044f \u0441 \u043f\u0430\u0442\u0438\u0435\u043d\u0442\u043e\u043c . \u041f\u043e\u0442\u043e\u043c\u0443 \u0447\u0442\u043e \u043b\u044e\u0434\u0438 \u043e\u0442\u043a\u0440\u044b\u0432\u0430\u044e\u0442\u0441\u044f \u0442\u043e\u043b\u044c\u043a\u043e \u0432 \u0431\u0435\u0437\u043e\u043f\u0430\u0441\u043d\u043e\u0439 \u043e\u0431\u0441\u0442\u0430\u043d\u043e\u0432\u043a\u0435 \u0438 \u0437\u043d\u0430\u043a\u043e\u043c\u043e\u043c\u0443 \u0447\u0435\u043b\u043e\u0432\u0435\u043a\u0443. \u0421\u0442\u043e\u043c\u0430\u0442\u043e\u043b\u043e\u0433 \u2013 \u044d\u0442\u043e \u043f\u0440\u0435\u0436\u0434\u0435 \u0432\u0441\u0435\u0433\u043e \u0432\u043e\u043f\u0440\u043e\u0441 \u0434\u043e\u0432\u0435\u0440\u0438\u044f. \u041c\u044b \u0442\u0440\u0430\u0442\u0438\u043c \u043c\u043d\u043e\u0433\u043e \u0432\u0440\u0435\u043c\u0435\u043d\u0438 \u043d\u0430 \u0442\u043e, \u0447\u0442\u043e\u0431\u044b \u0440\u0430\u0437\u043e\u0431\u0440\u0430\u0442\u044c\u0441\u044f \u0441 \u0432\u0430\u0448\u0438\u043c\u0438 \u0441\u0442\u0440\u0430\u0445\u0430\u043c\u0438, \u0442\u0440\u0435\u0432\u043e\u0433\u0430\u043c\u0438 \u0438 \u043f\u0440\u043e\u0431\u043b\u0435\u043c\u043d\u044b\u043c\u0438 \u0437\u0443\u0431\u0430\u043c\u0438, \u0438\u043d\u0434\u0438\u0432\u0438\u0434\u0443\u0430\u043b\u044c\u043d\u043e \u0438 \u043f\u043e\u0434\u0440\u043e\u0431\u043d\u043e.<br \/>\u041c\u044b \u0440\u0435\u0448\u0430\u0435\u043c \u0432\u043c\u0435\u0441\u0442\u0435 \u0441 \u0432\u0430\u043c\u0438, \u043a\u043e\u0433\u0434\u0430 \u0438 \u043a\u0430\u043a \u043d\u0430\u0447\u0438\u043d\u0430\u0442\u044c \u043b\u0435\u0447\u0435\u043d\u0438\u0435. \u0412 \u044d\u0442\u0438\u0445 \u0432\u043e\u043f\u0440\u043e\u0441\u0430\u0445 \u043c\u044b \u0434\u043e\u0440\u043e\u0436\u0438\u043c \u0432\u0430\u0448\u0438\u043c \u043c\u043d\u0435\u043d\u0438\u0435\u043c. \u0414\u043e\u0432\u0435\u0440\u0438\u0435 - \u0432\u043e\u0442 \u0437\u0430\u043b\u043e\u0433 \u0443\u0441\u043f\u0435\u0445\u0430 !<\/p>\t\t\t\t\t\t\t\t<\/div>\n\t\t\t\t<\/div>\n\t\t\t\t\t<\/div>\n\t\t<\/div>\n\t\t\t\t\t<\/div>\n\t\t<\/section>\n\t\t\t\t<section class=\"elementor-section elementor-top-section elementor-element elementor-element-964c22e elementor-section-boxed elementor-section-height-default elementor-section-height-default\" data-id=\"964c22e\" data-element_type=\"section\" data-e-type=\"section\">\n\t\t\t\t\t\t<div class=\"elementor-container elementor-column-gap-default\">\n\t\t\t\t\t<div class=\"elementor-column elementor-col-100 elementor-top-column elementor-element elementor-element-66f3317\" data-id=\"66f3317\" data-element_type=\"column\" data-e-type=\"column\">\n\t\t\t<div class=\"elementor-widget-wrap elementor-element-populated\">\n\t\t\t\t\t\t<div class=\"elementor-element elementor-element-a286faa elementor-widget elementor-widget-image\" data-id=\"a286faa\" data-element_type=\"widget\" data-e-type=\"widget\" data-widget_type=\"image.default\">\n\t\t\t\t<div class=\"elementor-widget-container\">\n\t\t\t\t\t\t\t\t\t\t\t\t\t\t\t<img fetchpriority=\"high\" decoding=\"async\" width=\"300\" height=\"208\" src=\"https:\/\/zahnarzt-chudin.de\/wp-content\/uploads\/2021\/05\/Depositphotos_118524446_xl-2015-300x208.jpg\" class=\"attachment-medium size-medium wp-image-1330\" alt=\"\" srcset=\"https:\/\/zahnarzt-chudin.de\/wp-content\/uploads\/2021\/05\/Depositphotos_118524446_xl-2015-300x208.jpg 300w, https:\/\/zahnarzt-chudin.de\/wp-content\/uploads\/2021\/05\/Depositphotos_118524446_xl-2015-1024x708.jpg 1024w, https:\/\/zahnarzt-chudin.de\/wp-content\/uploads\/2021\/05\/Depositphotos_118524446_xl-2015-768x531.jpg 768w, https:\/\/zahnarzt-chudin.de\/wp-content\/uploads\/2021\/05\/Depositphotos_118524446_xl-2015-16x12.jpg 16w, https:\/\/zahnarzt-chudin.de\/wp-content\/uploads\/2021\/05\/Depositphotos_118524446_xl-2015.jpg 1200w\" sizes=\"(max-width: 300px) 100vw, 300px\" \/>\t\t\t\t\t\t\t\t\t\t\t\t\t\t\t<\/div>\n\t\t\t\t<\/div>\n\t\t\t\t\t<\/div>\n\t\t<\/div>\n\t\t\t\t\t<\/div>\n\t\t<\/section>\n\t\t\t\t<\/div>","protected":false},"excerpt":{"rendered":"<p>individuell f\u00fcr angstpatienten Sie haben Angst vor jeder Zahnarztbehandlung? Wir sind f\u00fcr Sie da. Behutsam und sorgf\u00e4ltig erkl\u00e4ren wir Ihnen jeden Schritt, um Ihnen so die Angst zu nehmen und ein gutes Gef\u00fchl zu geben. Denn Zahnarzt ist Vertrauenssache! Wir behandeln behutsam Angst ist ein menschliches Grundgef\u00fchl. In bedrohlich empfundenen Situationen \u00e4u\u00dfert es sich als [&hellip;]<\/p>\n","protected":false},"author":1,"featured_media":0,"parent":0,"menu_order":0,"comment_status":"closed","ping_status":"closed","template":"","meta":{"site-sidebar-layout":"no-sidebar","site-content-layout":"page-builder","ast-site-content-layout":"default","site-content-style":"default","site-sidebar-style":"default","ast-global-header-display":"","ast-banner-title-visibility":"","ast-main-header-display":"","ast-hfb-above-header-display":"","ast-hfb-below-header-display":"","ast-hfb-mobile-header-display":"","site-post-title":"disabled","ast-breadcrumbs-content":"","ast-featured-img":"disabled","footer-sml-layout":"","theme-transparent-header-meta":"default","adv-header-id-meta":"","stick-header-meta":"default","header-above-stick-meta":"","header-main-stick-meta":"","header-below-stick-meta":"","astra-migrate-meta-layouts":"default","ast-page-background-enabled":"default","ast-page-background-meta":{"desktop":{"background-color":"","background-image":"","background-repeat":"repeat","background-position":"center center","background-size":"auto","background-attachment":"scroll","background-type":"","background-media":"","overlay-type":"","overlay-color":"","overlay-opacity":"","overlay-gradient":""},"tablet":{"background-color":"","background-image":"","background-repeat":"repeat","background-position":"center center","background-size":"auto","background-attachment":"scroll","background-type":"","background-media":"","overlay-type":"","overlay-color":"","overlay-opacity":"","overlay-gradient":""},"mobile":{"background-color":"","background-image":"","background-repeat":"repeat","background-position":"center center","background-size":"auto","background-attachment":"scroll","background-type":"","background-media":"","overlay-type":"","overlay-color":"","overlay-opacity":"","overlay-gradient":""}},"ast-content-background-meta":{"desktop":{"background-color":"var(--ast-global-color-5)","background-image":"","background-repeat":"repeat","background-position":"center center","background-size":"auto","background-attachment":"scroll","background-type":"","background-media":"","overlay-type":"","overlay-color":"","overlay-opacity":"","overlay-gradient":""},"tablet":{"background-color":"var(--ast-global-color-5)","background-image":"","background-repeat":"repeat","background-position":"center center","background-size":"auto","background-attachment":"scroll","background-type":"","background-media":"","overlay-type":"","overlay-color":"","overlay-opacity":"","overlay-gradient":""},"mobile":{"background-color":"var(--ast-global-color-5)","background-image":"","background-repeat":"repeat","background-position":"center center","background-size":"auto","background-attachment":"scroll","background-type":"","background-media":"","overlay-type":"","overlay-color":"","overlay-opacity":"","overlay-gradient":""}},"footnotes":""},"class_list":["post-38","page","type-page","status-publish","hentry"],"_links":{"self":[{"href":"https:\/\/zahnarzt-chudin.de\/ru\/wp-json\/wp\/v2\/pages\/38","targetHints":{"allow":["GET"]}}],"collection":[{"href":"https:\/\/zahnarzt-chudin.de\/ru\/wp-json\/wp\/v2\/pages"}],"about":[{"href":"https:\/\/zahnarzt-chudin.de\/ru\/wp-json\/wp\/v2\/types\/page"}],"author":[{"embeddable":true,"href":"https:\/\/zahnarzt-chudin.de\/ru\/wp-json\/wp\/v2\/users\/1"}],"replies":[{"embeddable":true,"href":"https:\/\/zahnarzt-chudin.de\/ru\/wp-json\/wp\/v2\/comments?post=38"}],"version-history":[{"count":46,"href":"https:\/\/zahnarzt-chudin.de\/ru\/wp-json\/wp\/v2\/pages\/38\/revisions"}],"predecessor-version":[{"id":1658,"href":"https:\/\/zahnarzt-chudin.de\/ru\/wp-json\/wp\/v2\/pages\/38\/revisions\/1658"}],"wp:attachment":[{"href":"https:\/\/zahnarzt-chudin.de\/ru\/wp-json\/wp\/v2\/media?parent=38"}],"curies":[{"name":"wp","href":"https:\/\/api.w.org\/{rel}","templated":true}]}}