{"id":315,"date":"2020-11-02T11:34:20","date_gmt":"2020-11-02T11:34:20","guid":{"rendered":"https:\/\/zahnarzt-chudin.de\/?page_id=315"},"modified":"2021-06-02T06:53:12","modified_gmt":"2021-06-02T06:53:12","slug":"kinderbehandlung","status":"publish","type":"page","link":"https:\/\/zahnarzt-chudin.de\/ru\/kinderbehandlung\/","title":{"rendered":"\u0434\u0435\u0442\u0441\u043a\u0430\u044f \u0441\u0442\u043e\u043c\u0430\u0442\u043e\u043b\u043e\u0433\u0438\u044f"},"content":{"rendered":"<div data-elementor-type=\"wp-page\" data-elementor-id=\"315\" class=\"elementor elementor-315\" data-elementor-post-type=\"page\">\n\t\t\t\t\t\t<section class=\"elementor-section elementor-top-section elementor-element elementor-element-7d29fe87 elementor-section-height-min-height elementor-section-boxed elementor-section-height-default elementor-section-items-middle\" data-id=\"7d29fe87\" data-element_type=\"section\" data-e-type=\"section\" data-settings=\"{&quot;background_background&quot;:&quot;classic&quot;}\">\n\t\t\t\t\t\t\t<div class=\"elementor-background-overlay\"><\/div>\n\t\t\t\t\t\t\t<div class=\"elementor-container elementor-column-gap-no\">\n\t\t\t\t\t<div class=\"elementor-column elementor-col-100 elementor-top-column elementor-element elementor-element-4e778caf\" data-id=\"4e778caf\" data-element_type=\"column\" data-e-type=\"column\">\n\t\t\t<div class=\"elementor-widget-wrap elementor-element-populated\">\n\t\t\t\t\t\t<section class=\"elementor-section elementor-inner-section elementor-element elementor-element-32452e9 elementor-section-boxed elementor-section-height-default elementor-section-height-default\" data-id=\"32452e9\" data-element_type=\"section\" data-e-type=\"section\">\n\t\t\t\t\t\t<div class=\"elementor-container elementor-column-gap-no\">\n\t\t\t\t\t<div class=\"elementor-column elementor-col-50 elementor-inner-column elementor-element elementor-element-5cb67b9b\" data-id=\"5cb67b9b\" data-element_type=\"column\" data-e-type=\"column\" data-settings=\"{&quot;background_background&quot;:&quot;classic&quot;}\">\n\t\t\t<div class=\"elementor-widget-wrap elementor-element-populated\">\n\t\t\t\t\t\t<div class=\"elementor-element elementor-element-631e1d53 elementor-widget elementor-widget-heading\" data-id=\"631e1d53\" data-element_type=\"widget\" data-e-type=\"widget\" data-widget_type=\"heading.default\">\n\t\t\t\t<div class=\"elementor-widget-container\">\n\t\t\t\t\t<h2 class=\"elementor-heading-title elementor-size-default\">\u0412\u0430\u0448 \u0441\u0442\u043e\u043c\u0430\u0442\u043e\u043b\u043e\u0433 \u0414\u0430\u043d\u0438\u043b \u0427\u0443\u0434\u0438\u043d \u0432 \u0413\u0430\u043d\u043d\u043e\u0432\u0435\u0440\u0435<\/h2>\t\t\t\t<\/div>\n\t\t\t\t<\/div>\n\t\t\t\t<div class=\"elementor-element elementor-element-65232b63 elementor-widget elementor-widget-heading\" data-id=\"65232b63\" data-element_type=\"widget\" data-e-type=\"widget\" data-widget_type=\"heading.default\">\n\t\t\t\t<div class=\"elementor-widget-container\">\n\t\t\t\t\t<h1 class=\"elementor-heading-title elementor-size-default\">\u0423\u0432\u0430\u0436\u0430\u0435\u043c\u044b\u0435 \u0440\u043e\u0434\u0438\u0442\u0435\u043b\u0438, \u043c\u044b \u0443\u0434\u0435\u043b\u044f\u0435\u043c \u043c\u043d\u043e\u0433\u043e \u0432\u0440\u0435\u043c\u0435\u043d\u0438  \u043b\u0435\u0447\u0435\u043d\u0438\u044e \u0432\u0430\u0448\u0438\u0445 \u0434\u0435\u0442\u0435\u0439.<\/h1>\t\t\t\t<\/div>\n\t\t\t\t<\/div>\n\t\t\t\t<div class=\"elementor-element elementor-element-3a6e136b elementor-widget elementor-widget-text-editor\" data-id=\"3a6e136b\" data-element_type=\"widget\" data-e-type=\"widget\" data-widget_type=\"text-editor.default\">\n\t\t\t\t<div class=\"elementor-widget-container\">\n\t\t\t\t\t\t\t\t\t<p class=\"p1\">\u041d\u0430\u0448\u0430  \u0446\u0435\u043b\u044c - \u0441\u0434\u0435\u043b\u0430\u0442\u044c \u0432\u0438\u0437\u0438\u0442 \u043a \u0441\u0442\u043e\u043c\u0430\u0442\u043e\u043b\u043e\u0433\u0443 \u043c\u0430\u043a\u0441\u0438\u043c\u0430\u043b\u044c\u043d\u043e \u043f\u0440\u0438\u044f\u0442\u043d\u044b\u043c \u0434\u0430\u0436\u0435  \u0434\u043b\u044f \u0441\u0430\u043c\u044b\u0445 \u043c\u0430\u043b\u0435\u043d\u044c\u043a\u0438\u0445 \u043f\u0430\u0446\u0438\u0435\u043d\u0442\u043e\u0432.<span class=\"Apple-converted-space\">\u00a0<\/span><\/p>\t\t\t\t\t\t\t\t<\/div>\n\t\t\t\t<\/div>\n\t\t\t\t\t<\/div>\n\t\t<\/div>\n\t\t\t\t<div class=\"elementor-column elementor-col-50 elementor-inner-column elementor-element elementor-element-3031df40\" data-id=\"3031df40\" data-element_type=\"column\" data-e-type=\"column\">\n\t\t\t<div class=\"elementor-widget-wrap\">\n\t\t\t\t\t\t\t<\/div>\n\t\t<\/div>\n\t\t\t\t\t<\/div>\n\t\t<\/section>\n\t\t\t\t\t<\/div>\n\t\t<\/div>\n\t\t\t\t\t<\/div>\n\t\t<\/section>\n\t\t\t\t<section class=\"elementor-section elementor-top-section elementor-element elementor-element-6785f33c elementor-section-height-min-height elementor-section-boxed elementor-section-height-default elementor-section-items-middle\" data-id=\"6785f33c\" data-element_type=\"section\" data-e-type=\"section\" data-settings=\"{&quot;background_background&quot;:&quot;classic&quot;,&quot;shape_divider_bottom&quot;:&quot;mountains&quot;}\">\n\t\t\t\t\t<div class=\"elementor-shape elementor-shape-bottom\" aria-hidden=\"true\" data-negative=\"false\">\n\t\t\t<svg xmlns=\"http:\/\/www.w3.org\/2000\/svg\" viewbox=\"0 0 1000 100\" preserveaspectratio=\"none\">\n\t<path class=\"elementor-shape-fill\" opacity=\"0.33\" d=\"M473,67.3c-203.9,88.3-263.1-34-320.3,0C66,119.1,0,59.7,0,59.7V0h1000v59.7 c0,0-62.1,26.1-94.9,29.3c-32.8,3.3-62.8-12.3-75.8-22.1C806,49.6,745.3,8.7,694.9,4.7S492.4,59,473,67.3z\"\/>\n\t<path class=\"elementor-shape-fill\" opacity=\"0.66\" d=\"M734,67.3c-45.5,0-77.2-23.2-129.1-39.1c-28.6-8.7-150.3-10.1-254,39.1 s-91.7-34.4-149.2,0C115.7,118.3,0,39.8,0,39.8V0h1000v36.5c0,0-28.2-18.5-92.1-18.5C810.2,18.1,775.7,67.3,734,67.3z\"\/>\n\t<path class=\"elementor-shape-fill\" d=\"M766.1,28.9c-200-57.5-266,65.5-395.1,19.5C242,1.8,242,5.4,184.8,20.6C128,35.8,132.3,44.9,89.9,52.5C28.6,63.7,0,0,0,0 h1000c0,0-9.9,40.9-83.6,48.1S829.6,47,766.1,28.9z\"\/>\n<\/svg>\t\t<\/div>\n\t\t\t\t\t<div class=\"elementor-container elementor-column-gap-no\">\n\t\t\t\t\t<div class=\"elementor-column elementor-col-100 elementor-top-column elementor-element elementor-element-4c7884bb\" data-id=\"4c7884bb\" data-element_type=\"column\" data-e-type=\"column\" data-settings=\"{&quot;background_background&quot;:&quot;classic&quot;}\">\n\t\t\t<div class=\"elementor-widget-wrap elementor-element-populated\">\n\t\t\t\t\t\t<div class=\"elementor-element elementor-element-235517fe elementor-widget elementor-widget-heading\" data-id=\"235517fe\" data-element_type=\"widget\" data-e-type=\"widget\" data-widget_type=\"heading.default\">\n\t\t\t\t<div class=\"elementor-widget-container\">\n\t\t\t\t\t<h2 class=\"elementor-heading-title elementor-size-default\">\u041c\u044b \u043e\u0431\u044a\u044f\u0441\u043d\u044f\u0435\u043c \u043f\u0440\u0430\u0432\u0438\u043b\u044c\u043d\u0443\u044e \u0442\u0435\u0445\u043d\u0438\u043a\u0443 \u0447\u0438\u0441\u0442\u043a\u0438 \u0437\u0443\u0431\u043e\u0432 \u0432 \u0438\u0433\u0440\u043e\u0432\u043e\u0439 \u0444\u043e\u0440\u043c\u0435, \u0441\u043e\u043e\u0442\u0432\u0435\u0442\u0441\u0442\u0432\u0443\u044e\u0449\u0435\u0439 \u0432\u043e\u0437\u0440\u0430\u0441\u0442\u0443, \u0438 \u043f\u0440\u043e\u0432\u043e\u0434\u0438\u043c \u0440\u0435\u0433\u0443\u043b\u044f\u0440\u043d\u044b\u0435 \u043e\u0441\u043c\u043e\u0442\u0440\u044b.\n<\/h2>\t\t\t\t<\/div>\n\t\t\t\t<\/div>\n\t\t\t\t\t<\/div>\n\t\t<\/div>\n\t\t\t\t\t<\/div>\n\t\t<\/section>\n\t\t\t\t<section class=\"elementor-section elementor-top-section elementor-element elementor-element-233b14d elementor-section-boxed elementor-section-height-default elementor-section-height-default\" data-id=\"233b14d\" data-element_type=\"section\" data-e-type=\"section\">\n\t\t\t\t\t\t<div class=\"elementor-container elementor-column-gap-no\">\n\t\t\t\t\t<div class=\"elementor-column elementor-col-100 elementor-top-column elementor-element elementor-element-69620bdc\" data-id=\"69620bdc\" data-element_type=\"column\" data-e-type=\"column\">\n\t\t\t<div class=\"elementor-widget-wrap elementor-element-populated\">\n\t\t\t\t\t\t<div class=\"elementor-element elementor-element-4fafa60a elementor-widget elementor-widget-text-editor\" data-id=\"4fafa60a\" data-element_type=\"widget\" data-e-type=\"widget\" data-widget_type=\"text-editor.default\">\n\t\t\t\t<div class=\"elementor-widget-container\">\n\t\t\t\t\t\t\t\t\t<p class=\"p1 translation-block\">\u041f\u0440\u043e\u0444\u0438\u043b\u0430\u043a\u0442\u0438\u0447\u0435\u0441\u043a\u0430\u044f \u043f\u0440\u043e\u0433\u0440\u0430\u043c\u043c\u0430 \u0432\u043a\u043b\u044e\u0447\u0430\u0435\u0442 \u0440\u0435\u0433\u0443\u043b\u044f\u0440\u043d\u043e\u0435 \u0444\u0442\u043e\u0440\u0438\u0440\u043e\u0432\u0430\u043d\u0438\u0435 \u0437\u0443\u0431\u043e\u0432, \u0433\u0435\u0440\u043c\u0435\u0442\u0438\u0437\u0430\u0446\u0438\u044e \u0444\u0438\u0441\u0441\u0443\u0440 \u043f\u043e\u0441\u0442\u043e\u044f\u043d\u043d\u044b\u0445 \u0431\u043e\u043a\u043e\u0432\u044b\u0445 \u0437\u0443\u0431\u043e\u0432 \u0438 \u043e\u0431\u0443\u0447\u0435\u043d\u0438\u0435 \u0437\u0434\u043e\u0440\u043e\u0432\u043e\u043c\u0443 \u043f\u0438\u0442\u0430\u043d\u0438\u044e. \u041c\u044b \u0434\u0430\u0435\u043c \u0440\u043e\u0434\u0438\u0442\u0435\u043b\u044f\u043c \u0438 \u0431\u0435\u0440\u0435\u043c\u0435\u043d\u043d\u044b\u043c \u0436\u0435\u043d\u0449\u0438\u043d\u0430\u043c \u043f\u043e\u0434\u0440\u043e\u0431\u043d\u0443\u044e \u0438\u043d\u0444\u043e\u0440\u043c\u0430\u0446\u0438\u044e \u043e \u0442\u043e\u043c, \u0447\u0442\u043e \u043e\u043d\u0438 \u043c\u043e\u0433\u0443\u0442 \u0441\u0434\u0435\u043b\u0430\u0442\u044c \u043b\u0443\u0447\u0448\u0435 \u0432\u0441\u0435\u0433\u043e \u0434\u043b\u044f \u0437\u0434\u043e\u0440\u043e\u0432\u044c\u044f \u0437\u0443\u0431\u043e\u0432 \u0441\u0432\u043e\u0438\u0445 \u0434\u0435\u0442\u0435\u0439.<\/p>\t\t\t\t\t\t\t\t<\/div>\n\t\t\t\t<\/div>\n\t\t\t\t\t<\/div>\n\t\t<\/div>\n\t\t\t\t\t<\/div>\n\t\t<\/section>\n\t\t\t\t<section class=\"elementor-section elementor-top-section elementor-element elementor-element-e67e301 elementor-section-boxed elementor-section-height-default elementor-section-height-default\" data-id=\"e67e301\" data-element_type=\"section\" data-e-type=\"section\">\n\t\t\t\t\t\t<div class=\"elementor-container elementor-column-gap-default\">\n\t\t\t\t\t<div class=\"elementor-column elementor-col-100 elementor-top-column elementor-element elementor-element-a51e809\" data-id=\"a51e809\" data-element_type=\"column\" data-e-type=\"column\">\n\t\t\t<div class=\"elementor-widget-wrap elementor-element-populated\">\n\t\t\t\t\t\t<div class=\"elementor-element elementor-element-11fa4aa elementor-widget elementor-widget-image\" data-id=\"11fa4aa\" data-element_type=\"widget\" data-e-type=\"widget\" data-widget_type=\"image.default\">\n\t\t\t\t<div class=\"elementor-widget-container\">\n\t\t\t\t\t\t\t\t\t\t\t\t\t\t\t<img fetchpriority=\"high\" decoding=\"async\" width=\"300\" height=\"225\" src=\"https:\/\/zahnarzt-chudin.de\/wp-content\/uploads\/2021\/05\/Depositphotos_407742068_xl-2015-300x225.jpg\" class=\"attachment-medium size-medium wp-image-1273\" alt=\"\" srcset=\"https:\/\/zahnarzt-chudin.de\/wp-content\/uploads\/2021\/05\/Depositphotos_407742068_xl-2015-300x225.jpg 300w, https:\/\/zahnarzt-chudin.de\/wp-content\/uploads\/2021\/05\/Depositphotos_407742068_xl-2015-1024x768.jpg 1024w, https:\/\/zahnarzt-chudin.de\/wp-content\/uploads\/2021\/05\/Depositphotos_407742068_xl-2015-768x576.jpg 768w, https:\/\/zahnarzt-chudin.de\/wp-content\/uploads\/2021\/05\/Depositphotos_407742068_xl-2015-16x12.jpg 16w, https:\/\/zahnarzt-chudin.de\/wp-content\/uploads\/2021\/05\/Depositphotos_407742068_xl-2015.jpg 1200w\" sizes=\"(max-width: 300px) 100vw, 300px\" \/>\t\t\t\t\t\t\t\t\t\t\t\t\t\t\t<\/div>\n\t\t\t\t<\/div>\n\t\t\t\t\t<\/div>\n\t\t<\/div>\n\t\t\t\t\t<\/div>\n\t\t<\/section>\n\t\t\t\t<\/div>","protected":false},"excerpt":{"rendered":"<p>Ihr Zahnarzt Danil Chudin in Hannover Liebe Eltern, f\u00fcr die Zahnbehandlung Ihrer Kinder nehmen wir uns ganz besonders viel Zeit. Oberste Priorit\u00e4t hat bei uns, den Zahnarztbesuch f\u00fcr unsere j\u00fcngsten Patienten so einf\u00fchlsam und angenehm wie m\u00f6glich zu gestalten.\u00a0 Spielerisch und altersgerecht erkl\u00e4ren wir die richtige Zahnputztechnik und f\u00fchren regelm\u00e4\u00dfige Kontrollen durch. Zum Vorsorgeprogramm geh\u00f6rt [&hellip;]<\/p>\n","protected":false},"author":1,"featured_media":0,"parent":0,"menu_order":0,"comment_status":"closed","ping_status":"closed","template":"","meta":{"site-sidebar-layout":"no-sidebar","site-content-layout":"page-builder","ast-site-content-layout":"default","site-content-style":"default","site-sidebar-style":"default","ast-global-header-display":"","ast-banner-title-visibility":"","ast-main-header-display":"","ast-hfb-above-header-display":"","ast-hfb-below-header-display":"","ast-hfb-mobile-header-display":"","site-post-title":"disabled","ast-breadcrumbs-content":"","ast-featured-img":"disabled","footer-sml-layout":"","theme-transparent-header-meta":"default","adv-header-id-meta":"","stick-header-meta":"default","header-above-stick-meta":"","header-main-stick-meta":"","header-below-stick-meta":"","astra-migrate-meta-layouts":"default","ast-page-background-enabled":"default","ast-page-background-meta":{"desktop":{"background-color":"","background-image":"","background-repeat":"repeat","background-position":"center center","background-size":"auto","background-attachment":"scroll","background-type":"","background-media":"","overlay-type":"","overlay-color":"","overlay-opacity":"","overlay-gradient":""},"tablet":{"background-color":"","background-image":"","background-repeat":"repeat","background-position":"center center","background-size":"auto","background-attachment":"scroll","background-type":"","background-media":"","overlay-type":"","overlay-color":"","overlay-opacity":"","overlay-gradient":""},"mobile":{"background-color":"","background-image":"","background-repeat":"repeat","background-position":"center center","background-size":"auto","background-attachment":"scroll","background-type":"","background-media":"","overlay-type":"","overlay-color":"","overlay-opacity":"","overlay-gradient":""}},"ast-content-background-meta":{"desktop":{"background-color":"var(--ast-global-color-5)","background-image":"","background-repeat":"repeat","background-position":"center center","background-size":"auto","background-attachment":"scroll","background-type":"","background-media":"","overlay-type":"","overlay-color":"","overlay-opacity":"","overlay-gradient":""},"tablet":{"background-color":"var(--ast-global-color-5)","background-image":"","background-repeat":"repeat","background-position":"center center","background-size":"auto","background-attachment":"scroll","background-type":"","background-media":"","overlay-type":"","overlay-color":"","overlay-opacity":"","overlay-gradient":""},"mobile":{"background-color":"var(--ast-global-color-5)","background-image":"","background-repeat":"repeat","background-position":"center center","background-size":"auto","background-attachment":"scroll","background-type":"","background-media":"","overlay-type":"","overlay-color":"","overlay-opacity":"","overlay-gradient":""}},"footnotes":""},"class_list":["post-315","page","type-page","status-publish","hentry"],"_links":{"self":[{"href":"https:\/\/zahnarzt-chudin.de\/ru\/wp-json\/wp\/v2\/pages\/315","targetHints":{"allow":["GET"]}}],"collection":[{"href":"https:\/\/zahnarzt-chudin.de\/ru\/wp-json\/wp\/v2\/pages"}],"about":[{"href":"https:\/\/zahnarzt-chudin.de\/ru\/wp-json\/wp\/v2\/types\/page"}],"author":[{"embeddable":true,"href":"https:\/\/zahnarzt-chudin.de\/ru\/wp-json\/wp\/v2\/users\/1"}],"replies":[{"embeddable":true,"href":"https:\/\/zahnarzt-chudin.de\/ru\/wp-json\/wp\/v2\/comments?post=315"}],"version-history":[{"count":37,"href":"https:\/\/zahnarzt-chudin.de\/ru\/wp-json\/wp\/v2\/pages\/315\/revisions"}],"predecessor-version":[{"id":1634,"href":"https:\/\/zahnarzt-chudin.de\/ru\/wp-json\/wp\/v2\/pages\/315\/revisions\/1634"}],"wp:attachment":[{"href":"https:\/\/zahnarzt-chudin.de\/ru\/wp-json\/wp\/v2\/media?parent=315"}],"curies":[{"name":"wp","href":"https:\/\/api.w.org\/{rel}","templated":true}]}}