{"id":308,"date":"2020-11-02T11:31:53","date_gmt":"2020-11-02T11:31:53","guid":{"rendered":"https:\/\/zahnarzt-chudin.de\/?page_id=308"},"modified":"2021-06-02T06:55:12","modified_gmt":"2021-06-02T06:55:12","slug":"bleaching","status":"publish","type":"page","link":"https:\/\/zahnarzt-chudin.de\/ru\/bleaching\/","title":{"rendered":"Bleaching"},"content":{"rendered":"<div data-elementor-type=\"wp-page\" data-elementor-id=\"308\" class=\"elementor elementor-308\" data-elementor-post-type=\"page\">\n\t\t\t\t\t\t<section class=\"elementor-section elementor-top-section elementor-element elementor-element-6da5f006 elementor-section-height-min-height elementor-section-boxed elementor-section-height-default elementor-section-items-middle\" data-id=\"6da5f006\" data-element_type=\"section\" data-e-type=\"section\" data-settings=\"{&quot;background_background&quot;:&quot;classic&quot;}\">\n\t\t\t\t\t\t\t<div class=\"elementor-background-overlay\"><\/div>\n\t\t\t\t\t\t\t<div class=\"elementor-container elementor-column-gap-no\">\n\t\t\t\t\t<div class=\"elementor-column elementor-col-100 elementor-top-column elementor-element elementor-element-71a81ca1\" data-id=\"71a81ca1\" data-element_type=\"column\" data-e-type=\"column\">\n\t\t\t<div class=\"elementor-widget-wrap elementor-element-populated\">\n\t\t\t\t\t\t<div class=\"elementor-element elementor-element-5b224fae elementor-widget elementor-widget-heading\" data-id=\"5b224fae\" data-element_type=\"widget\" data-e-type=\"widget\" data-widget_type=\"heading.default\">\n\t\t\t\t<div class=\"elementor-widget-container\">\n\t\t\t\t\t<h2 class=\"elementor-heading-title elementor-size-default translation-block\">\u043f\u043b\u043e\u043c\u0431\u044b, \u0432\u043a\u043b\u0430\u0434\u043a\u0438,<br> \u043e\u0442\u0431\u0435\u043b\u0438\u0432\u0430\u043d\u0438\u0435<\/h2>\t\t\t\t<\/div>\n\t\t\t\t<\/div>\n\t\t\t\t\t<\/div>\n\t\t<\/div>\n\t\t\t\t\t<\/div>\n\t\t<\/section>\n\t\t\t\t<section class=\"elementor-section elementor-top-section elementor-element elementor-element-47d7596b elementor-section-height-min-height elementor-section-boxed elementor-section-height-default elementor-section-items-middle\" data-id=\"47d7596b\" data-element_type=\"section\" data-e-type=\"section\" data-settings=\"{&quot;background_background&quot;:&quot;classic&quot;,&quot;shape_divider_bottom&quot;:&quot;mountains&quot;}\">\n\t\t\t\t\t<div class=\"elementor-shape elementor-shape-bottom\" aria-hidden=\"true\" data-negative=\"false\">\n\t\t\t<svg xmlns=\"http:\/\/www.w3.org\/2000\/svg\" viewbox=\"0 0 1000 100\" preserveaspectratio=\"none\">\n\t<path class=\"elementor-shape-fill\" opacity=\"0.33\" d=\"M473,67.3c-203.9,88.3-263.1-34-320.3,0C66,119.1,0,59.7,0,59.7V0h1000v59.7 c0,0-62.1,26.1-94.9,29.3c-32.8,3.3-62.8-12.3-75.8-22.1C806,49.6,745.3,8.7,694.9,4.7S492.4,59,473,67.3z\"\/>\n\t<path class=\"elementor-shape-fill\" opacity=\"0.66\" d=\"M734,67.3c-45.5,0-77.2-23.2-129.1-39.1c-28.6-8.7-150.3-10.1-254,39.1 s-91.7-34.4-149.2,0C115.7,118.3,0,39.8,0,39.8V0h1000v36.5c0,0-28.2-18.5-92.1-18.5C810.2,18.1,775.7,67.3,734,67.3z\"\/>\n\t<path class=\"elementor-shape-fill\" d=\"M766.1,28.9c-200-57.5-266,65.5-395.1,19.5C242,1.8,242,5.4,184.8,20.6C128,35.8,132.3,44.9,89.9,52.5C28.6,63.7,0,0,0,0 h1000c0,0-9.9,40.9-83.6,48.1S829.6,47,766.1,28.9z\"\/>\n<\/svg>\t\t<\/div>\n\t\t\t\t\t<div class=\"elementor-container elementor-column-gap-no\">\n\t\t\t\t\t<div class=\"elementor-column elementor-col-100 elementor-top-column elementor-element elementor-element-f461846\" data-id=\"f461846\" data-element_type=\"column\" data-e-type=\"column\" data-settings=\"{&quot;background_background&quot;:&quot;classic&quot;}\">\n\t\t\t<div class=\"elementor-widget-wrap elementor-element-populated\">\n\t\t\t\t\t\t<div class=\"elementor-element elementor-element-9f134f3 elementor-widget elementor-widget-heading\" data-id=\"9f134f3\" data-element_type=\"widget\" data-e-type=\"widget\" data-widget_type=\"heading.default\">\n\t\t\t\t<div class=\"elementor-widget-container\">\n\t\t\t\t\t<h2 class=\"elementor-heading-title elementor-size-default\">\u043f\u043b\u043e\u043c\u0431\u044b, \u0432\u043a\u043b\u0430\u0434\u043a\u0438, \u043e\u0442\u0431\u0435\u043b\u0438\u0432\u0430\u043d\u0438\u0435<\/h2>\t\t\t\t<\/div>\n\t\t\t\t<\/div>\n\t\t\t\t\t<\/div>\n\t\t<\/div>\n\t\t\t\t\t<\/div>\n\t\t<\/section>\n\t\t\t\t<section class=\"elementor-section elementor-top-section elementor-element elementor-element-6e766cb4 elementor-section-boxed elementor-section-height-default elementor-section-height-default\" data-id=\"6e766cb4\" data-element_type=\"section\" data-e-type=\"section\">\n\t\t\t\t\t\t<div class=\"elementor-container elementor-column-gap-no\">\n\t\t\t\t\t<div class=\"elementor-column elementor-col-100 elementor-top-column elementor-element elementor-element-1f67f3cb\" data-id=\"1f67f3cb\" data-element_type=\"column\" data-e-type=\"column\">\n\t\t\t<div class=\"elementor-widget-wrap elementor-element-populated\">\n\t\t\t\t\t\t<div class=\"elementor-element elementor-element-13912873 elementor-widget elementor-widget-text-editor\" data-id=\"13912873\" data-element_type=\"widget\" data-e-type=\"widget\" data-widget_type=\"text-editor.default\">\n\t\t\t\t<div class=\"elementor-widget-container\">\n\t\t\t\t\t\t\t\t\t<p class=\"p1 translation-block\"><strong>1. \u041f\u043b\u043e\u043c\u0431\u044b \u043f\u043e\u0434 \u0446\u0432\u0435\u0442 \u0437\u0443\u0431\u0430.<\/strong> <span style=\"font-style: inherit;font-weight: inherit\">\u041f\u043b\u0430\u0441\u0442\u0438\u043a\u043e\u0432\u044b\u0435 \u043f\u043b\u043e\u043c\u0431\u044b - \u044d\u0442\u043e \u044d\u0441\u0442\u0435\u0442\u0438\u0447\u043d\u0430\u044f \u0438 \u043f\u0440\u043e\u0447\u043d\u0430\u044f \u0444\u043e\u0440\u043c\u0430 \u0440\u0435\u0441\u0442\u0430\u0432\u0440\u0430\u0446\u0438\u0438 \u043d\u0435\u0431\u043e\u043b\u044c\u0448\u0438\u0445 \u0438 \u0441\u0440\u0435\u0434\u043d\u0438\u0445 \u0434\u0435\u0444\u0435\u043a\u0442\u043e\u0432. \u042d\u0442\u0438 \u0442\u0430\u043a \u043d\u0430\u0437\u044b\u0432\u0430\u0435\u043c\u044b\u0435 \u043a\u043e\u043c\u043f\u043e\u0437\u0438\u0442\u043d\u044b\u0435 \u043f\u043b\u043e\u043c\u0431\u044b \u0443\u043a\u043b\u0430\u0434\u044b\u0432\u0430\u044e\u0442\u0441\u044f \u0441\u043b\u043e\u044f\u043c\u0438, \u043f\u0440\u0438\u043a\u0440\u0435\u043f\u043b\u044f\u044e\u0442\u0441\u044f \u0441\u043f\u0435\u0446\u0438\u0430\u043b\u044c\u043d\u044b\u043c \u043a\u043b\u0435\u0435\u0432\u044b\u043c \u043a\u043e\u043c\u043f\u043e\u0437\u0438\u0442\u043d\u044b\u043c \u043c\u0430\u0442\u0435\u0440\u0438\u0430\u043b\u043e\u043c \u0438 \u043e\u0442\u0432\u0435\u0440\u0436\u0434\u0430\u044e\u0442\u0441\u044f \u0441\u0432\u0435\u0442\u043e\u0432\u043e\u0439 \u043b\u0430\u043c\u043f\u043e\u0439.<\/p>\t\t\t\t\t\t\t\t<\/div>\n\t\t\t\t<\/div>\n\t\t\t\t\t<\/div>\n\t\t<\/div>\n\t\t\t\t\t<\/div>\n\t\t<\/section>\n\t\t\t\t<section class=\"elementor-section elementor-top-section elementor-element elementor-element-6fdf9d3f elementor-section-boxed elementor-section-height-default elementor-section-height-default\" data-id=\"6fdf9d3f\" data-element_type=\"section\" data-e-type=\"section\">\n\t\t\t\t\t\t<div class=\"elementor-container elementor-column-gap-default\">\n\t\t\t\t\t<div class=\"elementor-column elementor-col-100 elementor-top-column elementor-element elementor-element-49ad252d\" data-id=\"49ad252d\" data-element_type=\"column\" data-e-type=\"column\">\n\t\t\t<div class=\"elementor-widget-wrap elementor-element-populated\">\n\t\t\t\t\t\t<div class=\"elementor-element elementor-element-ea2dbf6 elementor-widget elementor-widget-image\" data-id=\"ea2dbf6\" data-element_type=\"widget\" data-e-type=\"widget\" data-widget_type=\"image.default\">\n\t\t\t\t<div class=\"elementor-widget-container\">\n\t\t\t\t\t\t\t\t\t\t\t\t\t\t\t<img fetchpriority=\"high\" decoding=\"async\" width=\"300\" height=\"240\" src=\"https:\/\/zahnarzt-chudin.de\/wp-content\/uploads\/2021\/05\/Depositphotos_240057814_xl-2015-300x240.jpg\" class=\"attachment-medium size-medium wp-image-1158\" alt=\"\" srcset=\"https:\/\/zahnarzt-chudin.de\/wp-content\/uploads\/2021\/05\/Depositphotos_240057814_xl-2015-300x240.jpg 300w, https:\/\/zahnarzt-chudin.de\/wp-content\/uploads\/2021\/05\/Depositphotos_240057814_xl-2015-1024x819.jpg 1024w, https:\/\/zahnarzt-chudin.de\/wp-content\/uploads\/2021\/05\/Depositphotos_240057814_xl-2015-768x614.jpg 768w, https:\/\/zahnarzt-chudin.de\/wp-content\/uploads\/2021\/05\/Depositphotos_240057814_xl-2015-16x12.jpg 16w, https:\/\/zahnarzt-chudin.de\/wp-content\/uploads\/2021\/05\/Depositphotos_240057814_xl-2015.jpg 1200w\" sizes=\"(max-width: 300px) 100vw, 300px\" \/>\t\t\t\t\t\t\t\t\t\t\t\t\t\t\t<\/div>\n\t\t\t\t<\/div>\n\t\t\t\t\t<\/div>\n\t\t<\/div>\n\t\t\t\t\t<\/div>\n\t\t<\/section>\n\t\t\t\t<section class=\"elementor-section elementor-top-section elementor-element elementor-element-3174dc3a elementor-section-boxed elementor-section-height-default elementor-section-height-default\" data-id=\"3174dc3a\" data-element_type=\"section\" data-e-type=\"section\">\n\t\t\t\t\t\t<div class=\"elementor-container elementor-column-gap-no\">\n\t\t\t\t\t<div class=\"elementor-column elementor-col-100 elementor-top-column elementor-element elementor-element-1cf57d13\" data-id=\"1cf57d13\" data-element_type=\"column\" data-e-type=\"column\">\n\t\t\t<div class=\"elementor-widget-wrap elementor-element-populated\">\n\t\t\t\t\t\t<div class=\"elementor-element elementor-element-1d37a483 elementor-widget elementor-widget-text-editor\" data-id=\"1d37a483\" data-element_type=\"widget\" data-e-type=\"widget\" data-widget_type=\"text-editor.default\">\n\t\t\t\t<div class=\"elementor-widget-container\">\n\t\t\t\t\t\t\t\t\t<p class=\"translation-block\"><strong>2. \u0412\u043a\u043b\u0430\u0434\u043a\u0438<\/strong> - \u041f\u043b\u043e\u043c\u0431\u044b, \u0438\u0437\u0433\u043e\u0442\u043e\u0432\u043b\u0435\u043d\u043d\u044b\u0435 \u0432 \u043b\u0430\u0431\u043e\u0440\u0430\u0442\u043e\u0440\u0438\u0438, \u044f\u0432\u043b\u044f\u044e\u0442\u0441\u044f \u0434\u043e\u043b\u0433\u043e\u0441\u0440\u043e\u0447\u043d\u044b\u043c \u0441\u0440\u0435\u0434\u0441\u0442\u0432\u043e\u043c \u0434\u043b\u044f \u043b\u0435\u0447\u0435\u043d\u0438\u044f \u0434\u0435\u0444\u0435\u043a\u0442\u043e\u0432 \u0437\u0443\u0431\u043e\u0432 \u0441\u0440\u0435\u0434\u043d\u0435\u0433\u043e \u0440\u0430\u0437\u043c\u0435\u0440\u0430.\u0412 \u043a\u0430\u0447\u0435\u0441\u0442\u0432\u0435 \u043c\u0430\u0442\u0435\u0440\u0438\u0430\u043b\u043e\u0432 \u0434\u043b\u044f \u0432\u043a\u043b\u0430\u0434\u043e\u043a \u0434\u043e\u0441\u0442\u0443\u043f\u043d\u044b \u043a\u0435\u0440\u0430\u043c\u0438\u043a\u0430 \u0438 \u043f\u043b\u0430\u0441\u0442\u0438\u043a \u043f\u043e\u0434 \u0446\u0432\u0435\u0442 \u0437\u0443\u0431\u043e\u0432.<\/p>\t\t\t\t\t\t\t\t<\/div>\n\t\t\t\t<\/div>\n\t\t\t\t\t<\/div>\n\t\t<\/div>\n\t\t\t\t\t<\/div>\n\t\t<\/section>\n\t\t\t\t<section class=\"elementor-section elementor-top-section elementor-element elementor-element-7cfa435 elementor-section-boxed elementor-section-height-default elementor-section-height-default\" data-id=\"7cfa435\" data-element_type=\"section\" data-e-type=\"section\">\n\t\t\t\t\t\t<div class=\"elementor-container elementor-column-gap-default\">\n\t\t\t\t\t<div class=\"elementor-column elementor-col-100 elementor-top-column elementor-element elementor-element-94be946\" data-id=\"94be946\" data-element_type=\"column\" data-e-type=\"column\">\n\t\t\t<div class=\"elementor-widget-wrap elementor-element-populated\">\n\t\t\t\t\t\t<div class=\"elementor-element elementor-element-2a352f8 elementor-widget elementor-widget-image\" data-id=\"2a352f8\" data-element_type=\"widget\" data-e-type=\"widget\" data-widget_type=\"image.default\">\n\t\t\t\t<div class=\"elementor-widget-container\">\n\t\t\t\t\t\t\t\t\t\t\t\t\t\t\t<img decoding=\"async\" width=\"300\" height=\"229\" src=\"https:\/\/zahnarzt-chudin.de\/wp-content\/uploads\/2021\/05\/Depositphotos_313507852_xl-2015-300x229.jpg\" class=\"attachment-medium size-medium wp-image-1490\" alt=\"\" srcset=\"https:\/\/zahnarzt-chudin.de\/wp-content\/uploads\/2021\/05\/Depositphotos_313507852_xl-2015-300x229.jpg 300w, https:\/\/zahnarzt-chudin.de\/wp-content\/uploads\/2021\/05\/Depositphotos_313507852_xl-2015-1024x782.jpg 1024w, https:\/\/zahnarzt-chudin.de\/wp-content\/uploads\/2021\/05\/Depositphotos_313507852_xl-2015-768x586.jpg 768w, https:\/\/zahnarzt-chudin.de\/wp-content\/uploads\/2021\/05\/Depositphotos_313507852_xl-2015-16x12.jpg 16w, https:\/\/zahnarzt-chudin.de\/wp-content\/uploads\/2021\/05\/Depositphotos_313507852_xl-2015.jpg 1200w\" sizes=\"(max-width: 300px) 100vw, 300px\" \/>\t\t\t\t\t\t\t\t\t\t\t\t\t\t\t<\/div>\n\t\t\t\t<\/div>\n\t\t\t\t\t<\/div>\n\t\t<\/div>\n\t\t\t\t\t<\/div>\n\t\t<\/section>\n\t\t\t\t<section class=\"elementor-section elementor-top-section elementor-element elementor-element-3bbb7e4 elementor-section-boxed elementor-section-height-default elementor-section-height-default\" data-id=\"3bbb7e4\" data-element_type=\"section\" data-e-type=\"section\">\n\t\t\t\t\t\t<div class=\"elementor-container elementor-column-gap-no\">\n\t\t\t\t\t<div class=\"elementor-column elementor-col-100 elementor-top-column elementor-element elementor-element-e23ff1a\" data-id=\"e23ff1a\" data-element_type=\"column\" data-e-type=\"column\">\n\t\t\t<div class=\"elementor-widget-wrap elementor-element-populated\">\n\t\t\t\t\t\t<div class=\"elementor-element elementor-element-ab3548e elementor-widget elementor-widget-text-editor\" data-id=\"ab3548e\" data-element_type=\"widget\" data-e-type=\"widget\" data-widget_type=\"text-editor.default\">\n\t\t\t\t<div class=\"elementor-widget-container\">\n\t\t\t\t\t\t\t\t\t<p class=\"translation-block\"><strong>3.\u041e\u0442\u0431\u0435\u043b\u0438\u0432\u0430\u043d\u0438\u0435 \u0437\u0443\u0431\u043e\u0432<\/strong> - \u0420\u0430\u0437\u043d\u044b\u0435 \u043f\u0440\u043e\u0434\u0443\u043a\u0442\u044b, \u0442\u0430\u043a\u0438\u0435 \u043a\u0430\u043a - \u043a\u043e\u0444\u0435, \u0447\u0430\u0439, \u043a\u0440\u0430\u0441\u043d\u043e\u0435 \u0432\u0438\u043d\u043e \u0438\u043b\u0438 \u0442\u0430\u0431\u0430\u043a, \u0447\u0430\u0441\u0442\u043e \u043e\u0441\u0442\u0430\u0432\u043b\u044f\u044e\u0442 \u043f\u044f\u0442\u043d\u0430 \u043d\u0430 \u043f\u043e\u0432\u0435\u0440\u0445\u043d\u043e\u0441\u0442\u0438 \u0437\u0443\u0431\u043e\u0432. \u0421\u043e \u0432\u0440\u0435\u043c\u0435\u043d\u0435\u043c \u043e\u043d\u0438 \u043f\u0440\u043e\u043d\u0438\u043a\u0430\u044e\u0442 \u0432 \u0437\u0443\u0431\u043d\u0443\u044e \u044d\u043c\u0430\u043b\u044c \u0438 \u043f\u0440\u0438\u0432\u043e\u0434\u044f\u0442 \u043a \u0438\u0437\u043c\u0435\u043d\u0435\u043d\u0438\u044e \u0435\u0451 \u0446\u0432\u0435\u0442\u0430, \u043a\u043e\u0442\u043e\u0440\u043e\u0435 \u043d\u0435\u0432\u043e\u0437\u043c\u043e\u0436\u043d\u043e \u0443\u0434\u0430\u043b\u0438\u0442\u044c \u0434\u0430\u0436\u0435 \u043f\u0440\u0438 \u0442\u0449\u0430\u0442\u0435\u043b\u044c\u043d\u043e\u043c \u0443\u0445\u043e\u0434\u0435 \u0437\u0430 \u0437\u0443\u0431\u0430\u043c\u0438.\n\n\u0421 \u043f\u043e\u043c\u043e\u0449\u044c\u044e \u0441\u043f\u0435\u0446\u0438\u0430\u043b\u044c\u043d\u044b\u0445 \u043c\u0435\u0442\u043e\u0434\u0438\u043a \u043c\u043e\u0436\u043d\u043e \u0431\u0435\u0437 \u043f\u0440\u043e\u0431\u043b\u0435\u043c \u043e\u0441\u0432\u0435\u0442\u043b\u0438\u0442\u044c \u043f\u0438\u0433\u043c\u0435\u043d\u0442\u0430\u0446\u0438\u0438 \u043d\u0430 \u043f\u043e\u0432\u0435\u0440\u0445\u043d\u043e\u0441\u0442\u0438 \u0437\u0443\u0431\u043e\u0432. \u042d\u0442\u043e \u0445\u0438\u043c\u0438\u0447\u0435\u0441\u043a\u0438\u0439 \u043f\u0440\u043e\u0446\u0435\u0441\u0441. \u041d\u0430 \u043f\u043e\u0432\u0435\u0440\u0445\u043d\u043e\u0441\u0442\u044c \u0437\u0443\u0431\u0430 \u043d\u0430\u043d\u043e\u0441\u0438\u0442\u0441\u044f \u043e\u0442\u0431\u0435\u043b\u0438\u0432\u0430\u044e\u0449\u0438\u0439 \u0430\u0433\u0435\u043d\u0442, \u0438 \u0434\u0435\u0439\u0441\u0442\u0432\u0438\u0435 \u043a\u0438\u0441\u043b\u043e\u0440\u043e\u0434\u0430 \u043e\u0441\u0432\u0435\u0442\u043b\u044f\u0435\u0442 \u044d\u043c\u0430\u043b\u044c. \u0417\u0443\u0431\u044b \u043c\u043e\u0436\u043d\u043e \u043e\u0442\u0431\u0435\u043b\u0438\u0442\u044c \u043a\u0430\u043a \u043c\u0438\u043d\u0438\u043c\u0443\u043c \u043d\u0430 \u043e\u0434\u0438\u043d \u043e\u0442\u0442\u0435\u043d\u043e\u043a. \u041f\u0440\u043e\u0444\u0435\u0441\u0441\u0438\u043e\u043d\u0430\u043b\u044c\u043d\u043e\u0435 \u043e\u0442\u0431\u0435\u043b\u0438\u0432\u0430\u043d\u0438\u0435 \u0434\u043b\u044f \u0441\u0438\u044f\u044e\u0449\u0435\u0439 \u043a\u0440\u0430\u0441\u0438\u0432\u043e\u0439 \u0443\u043b\u044b\u0431\u043a\u0438!<\/p>\t\t\t\t\t\t\t\t<\/div>\n\t\t\t\t<\/div>\n\t\t\t\t\t<\/div>\n\t\t<\/div>\n\t\t\t\t\t<\/div>\n\t\t<\/section>\n\t\t\t\t<section class=\"elementor-section elementor-top-section elementor-element elementor-element-586a6a0 elementor-section-boxed elementor-section-height-default elementor-section-height-default\" data-id=\"586a6a0\" data-element_type=\"section\" data-e-type=\"section\">\n\t\t\t\t\t\t<div class=\"elementor-container elementor-column-gap-default\">\n\t\t\t\t\t<div class=\"elementor-column elementor-col-100 elementor-top-column elementor-element elementor-element-38df474\" data-id=\"38df474\" data-element_type=\"column\" data-e-type=\"column\">\n\t\t\t<div class=\"elementor-widget-wrap elementor-element-populated\">\n\t\t\t\t\t\t<div class=\"elementor-element elementor-element-475c064 elementor-widget elementor-widget-image\" data-id=\"475c064\" data-element_type=\"widget\" data-e-type=\"widget\" data-widget_type=\"image.default\">\n\t\t\t\t<div class=\"elementor-widget-container\">\n\t\t\t\t\t\t\t\t\t\t\t\t\t\t\t<img decoding=\"async\" width=\"300\" height=\"201\" src=\"https:\/\/zahnarzt-chudin.de\/wp-content\/uploads\/2021\/05\/Depositphotos_37442841_xl-2015-300x201.jpg\" class=\"attachment-medium size-medium wp-image-1157\" alt=\"\" srcset=\"https:\/\/zahnarzt-chudin.de\/wp-content\/uploads\/2021\/05\/Depositphotos_37442841_xl-2015-300x201.jpg 300w, https:\/\/zahnarzt-chudin.de\/wp-content\/uploads\/2021\/05\/Depositphotos_37442841_xl-2015-1024x687.jpg 1024w, https:\/\/zahnarzt-chudin.de\/wp-content\/uploads\/2021\/05\/Depositphotos_37442841_xl-2015-768x515.jpg 768w, https:\/\/zahnarzt-chudin.de\/wp-content\/uploads\/2021\/05\/Depositphotos_37442841_xl-2015-16x12.jpg 16w, https:\/\/zahnarzt-chudin.de\/wp-content\/uploads\/2021\/05\/Depositphotos_37442841_xl-2015.jpg 1200w\" sizes=\"(max-width: 300px) 100vw, 300px\" \/>\t\t\t\t\t\t\t\t\t\t\t\t\t\t\t<\/div>\n\t\t\t\t<\/div>\n\t\t\t\t\t<\/div>\n\t\t<\/div>\n\t\t\t\t\t<\/div>\n\t\t<\/section>\n\t\t\t\t<\/div>","protected":false},"excerpt":{"rendered":"<p>F\u00fcllungen, Inlays&#038;Bleaching F\u00fcllungen, Inlays, Bleaching 1. F\u00fcllungen in Zahnfarbe: Zahnfarbene Kunsto\ufb00\u00fcllungen sind bei kleinen bis mittelgro\u00dfen Defekten eine \u00e4sthetische und haltbare Form der Versorgung. Diese sogenannten Kompositf\u00fcllungen werden schichtweise eingebracht, mit speziellem Klebeverbundmaterial befestigt und mit einer Lichtlampe ausgeh\u00e4rtet. 2. Inlays: Laborgefertigte F\u00fcllungen stellen eine langlebige Versorgung bei mittelgro\u00dfen Zahndefekten dar. Als Materialien f\u00fcr Inlays [&hellip;]<\/p>\n","protected":false},"author":1,"featured_media":0,"parent":0,"menu_order":0,"comment_status":"closed","ping_status":"closed","template":"","meta":{"site-sidebar-layout":"no-sidebar","site-content-layout":"page-builder","ast-site-content-layout":"default","site-content-style":"default","site-sidebar-style":"default","ast-global-header-display":"","ast-banner-title-visibility":"","ast-main-header-display":"","ast-hfb-above-header-display":"","ast-hfb-below-header-display":"","ast-hfb-mobile-header-display":"","site-post-title":"disabled","ast-breadcrumbs-content":"","ast-featured-img":"disabled","footer-sml-layout":"","theme-transparent-header-meta":"default","adv-header-id-meta":"","stick-header-meta":"default","header-above-stick-meta":"","header-main-stick-meta":"","header-below-stick-meta":"","astra-migrate-meta-layouts":"default","ast-page-background-enabled":"default","ast-page-background-meta":{"desktop":{"background-color":"","background-image":"","background-repeat":"repeat","background-position":"center center","background-size":"auto","background-attachment":"scroll","background-type":"","background-media":"","overlay-type":"","overlay-color":"","overlay-opacity":"","overlay-gradient":""},"tablet":{"background-color":"","background-image":"","background-repeat":"repeat","background-position":"center center","background-size":"auto","background-attachment":"scroll","background-type":"","background-media":"","overlay-type":"","overlay-color":"","overlay-opacity":"","overlay-gradient":""},"mobile":{"background-color":"","background-image":"","background-repeat":"repeat","background-position":"center center","background-size":"auto","background-attachment":"scroll","background-type":"","background-media":"","overlay-type":"","overlay-color":"","overlay-opacity":"","overlay-gradient":""}},"ast-content-background-meta":{"desktop":{"background-color":"var(--ast-global-color-5)","background-image":"","background-repeat":"repeat","background-position":"center center","background-size":"auto","background-attachment":"scroll","background-type":"","background-media":"","overlay-type":"","overlay-color":"","overlay-opacity":"","overlay-gradient":""},"tablet":{"background-color":"var(--ast-global-color-5)","background-image":"","background-repeat":"repeat","background-position":"center center","background-size":"auto","background-attachment":"scroll","background-type":"","background-media":"","overlay-type":"","overlay-color":"","overlay-opacity":"","overlay-gradient":""},"mobile":{"background-color":"var(--ast-global-color-5)","background-image":"","background-repeat":"repeat","background-position":"center center","background-size":"auto","background-attachment":"scroll","background-type":"","background-media":"","overlay-type":"","overlay-color":"","overlay-opacity":"","overlay-gradient":""}},"footnotes":""},"class_list":["post-308","page","type-page","status-publish","hentry"],"_links":{"self":[{"href":"https:\/\/zahnarzt-chudin.de\/ru\/wp-json\/wp\/v2\/pages\/308","targetHints":{"allow":["GET"]}}],"collection":[{"href":"https:\/\/zahnarzt-chudin.de\/ru\/wp-json\/wp\/v2\/pages"}],"about":[{"href":"https:\/\/zahnarzt-chudin.de\/ru\/wp-json\/wp\/v2\/types\/page"}],"author":[{"embeddable":true,"href":"https:\/\/zahnarzt-chudin.de\/ru\/wp-json\/wp\/v2\/users\/1"}],"replies":[{"embeddable":true,"href":"https:\/\/zahnarzt-chudin.de\/ru\/wp-json\/wp\/v2\/comments?post=308"}],"version-history":[{"count":52,"href":"https:\/\/zahnarzt-chudin.de\/ru\/wp-json\/wp\/v2\/pages\/308\/revisions"}],"predecessor-version":[{"id":1643,"href":"https:\/\/zahnarzt-chudin.de\/ru\/wp-json\/wp\/v2\/pages\/308\/revisions\/1643"}],"wp:attachment":[{"href":"https:\/\/zahnarzt-chudin.de\/ru\/wp-json\/wp\/v2\/media?parent=308"}],"curies":[{"name":"wp","href":"https:\/\/api.w.org\/{rel}","templated":true}]}}