{"id":300,"date":"2020-11-02T10:43:36","date_gmt":"2020-11-02T10:43:36","guid":{"rendered":"https:\/\/zahnarzt-chudin.de\/?page_id=300"},"modified":"2021-06-02T06:58:59","modified_gmt":"2021-06-02T06:58:59","slug":"kronen-und-teilkronen","status":"publish","type":"page","link":"https:\/\/zahnarzt-chudin.de\/ru\/kronen-und-teilkronen\/","title":{"rendered":"Kronen und Teilkronen"},"content":{"rendered":"<div data-elementor-type=\"wp-page\" data-elementor-id=\"300\" class=\"elementor elementor-300\" data-elementor-post-type=\"page\">\n\t\t\t\t\t\t<section class=\"elementor-section elementor-top-section elementor-element elementor-element-6c5e9ff elementor-section-height-min-height elementor-section-boxed elementor-section-height-default elementor-section-items-middle\" data-id=\"6c5e9ff\" data-element_type=\"section\" data-e-type=\"section\" data-settings=\"{&quot;background_background&quot;:&quot;classic&quot;}\">\n\t\t\t\t\t\t\t<div class=\"elementor-background-overlay\"><\/div>\n\t\t\t\t\t\t\t<div class=\"elementor-container elementor-column-gap-no\">\n\t\t\t\t\t<div class=\"elementor-column elementor-col-100 elementor-top-column elementor-element elementor-element-51ebad3d\" data-id=\"51ebad3d\" data-element_type=\"column\" data-e-type=\"column\">\n\t\t\t<div class=\"elementor-widget-wrap elementor-element-populated\">\n\t\t\t\t\t\t<div class=\"elementor-element elementor-element-3ea90b7 elementor-widget elementor-widget-heading\" data-id=\"3ea90b7\" data-element_type=\"widget\" data-e-type=\"widget\" data-widget_type=\"heading.default\">\n\t\t\t\t<div class=\"elementor-widget-container\">\n\t\t\t\t\t<h2 class=\"elementor-heading-title elementor-size-default translation-block\">\u041a\u043e\u0440\u043e\u043d\u043a\u0438,\u0447\u0430\u0441\u0442\u0438\u0447\u043d\u044b\u0435 \u043a\u043e\u0440\u043e\u043d\u043a\u0438<br> \u0432\u0435\u043d\u0438\u0440\u044b<\/h2>\t\t\t\t<\/div>\n\t\t\t\t<\/div>\n\t\t\t\t\t<\/div>\n\t\t<\/div>\n\t\t\t\t\t<\/div>\n\t\t<\/section>\n\t\t\t\t<section class=\"elementor-section elementor-top-section elementor-element elementor-element-f056429 elementor-section-height-min-height elementor-section-boxed elementor-section-height-default elementor-section-items-middle\" data-id=\"f056429\" data-element_type=\"section\" data-e-type=\"section\" data-settings=\"{&quot;background_background&quot;:&quot;classic&quot;,&quot;shape_divider_bottom&quot;:&quot;mountains&quot;}\">\n\t\t\t\t\t<div class=\"elementor-shape elementor-shape-bottom\" aria-hidden=\"true\" data-negative=\"false\">\n\t\t\t<svg xmlns=\"http:\/\/www.w3.org\/2000\/svg\" viewbox=\"0 0 1000 100\" preserveaspectratio=\"none\">\n\t<path class=\"elementor-shape-fill\" opacity=\"0.33\" d=\"M473,67.3c-203.9,88.3-263.1-34-320.3,0C66,119.1,0,59.7,0,59.7V0h1000v59.7 c0,0-62.1,26.1-94.9,29.3c-32.8,3.3-62.8-12.3-75.8-22.1C806,49.6,745.3,8.7,694.9,4.7S492.4,59,473,67.3z\"\/>\n\t<path class=\"elementor-shape-fill\" opacity=\"0.66\" d=\"M734,67.3c-45.5,0-77.2-23.2-129.1-39.1c-28.6-8.7-150.3-10.1-254,39.1 s-91.7-34.4-149.2,0C115.7,118.3,0,39.8,0,39.8V0h1000v36.5c0,0-28.2-18.5-92.1-18.5C810.2,18.1,775.7,67.3,734,67.3z\"\/>\n\t<path class=\"elementor-shape-fill\" d=\"M766.1,28.9c-200-57.5-266,65.5-395.1,19.5C242,1.8,242,5.4,184.8,20.6C128,35.8,132.3,44.9,89.9,52.5C28.6,63.7,0,0,0,0 h1000c0,0-9.9,40.9-83.6,48.1S829.6,47,766.1,28.9z\"\/>\n<\/svg>\t\t<\/div>\n\t\t\t\t\t<div class=\"elementor-container elementor-column-gap-no\">\n\t\t\t\t\t<div class=\"elementor-column elementor-col-100 elementor-top-column elementor-element elementor-element-6f6ff4b3\" data-id=\"6f6ff4b3\" data-element_type=\"column\" data-e-type=\"column\" data-settings=\"{&quot;background_background&quot;:&quot;classic&quot;}\">\n\t\t\t<div class=\"elementor-widget-wrap elementor-element-populated\">\n\t\t\t\t\t\t<div class=\"elementor-element elementor-element-97a20ca elementor-widget elementor-widget-heading\" data-id=\"97a20ca\" data-element_type=\"widget\" data-e-type=\"widget\" data-widget_type=\"heading.default\">\n\t\t\t\t<div class=\"elementor-widget-container\">\n\t\t\t\t\t<h2 class=\"elementor-heading-title elementor-size-default\">\u041d\u0430\u0442\u0443\u0440\u0430\u043b\u044c\u043d\u044b\u0439 \u0437\u0443\u0431 \u0441\u043b\u0443\u0436\u0438\u0442 \u0434\u043b\u044f \u043d\u0430\u0441 \u043c\u043e\u0434\u0435\u043b\u044c\u044e!\n<\/h2>\t\t\t\t<\/div>\n\t\t\t\t<\/div>\n\t\t\t\t\t<\/div>\n\t\t<\/div>\n\t\t\t\t\t<\/div>\n\t\t<\/section>\n\t\t\t\t<section class=\"elementor-section elementor-top-section elementor-element elementor-element-250448b0 elementor-section-boxed elementor-section-height-default elementor-section-height-default\" data-id=\"250448b0\" data-element_type=\"section\" data-e-type=\"section\">\n\t\t\t\t\t\t<div class=\"elementor-container elementor-column-gap-no\">\n\t\t\t\t\t<div class=\"elementor-column elementor-col-100 elementor-top-column elementor-element elementor-element-61985771\" data-id=\"61985771\" data-element_type=\"column\" data-e-type=\"column\">\n\t\t\t<div class=\"elementor-widget-wrap elementor-element-populated\">\n\t\t\t\t\t\t<div class=\"elementor-element elementor-element-32ae724 elementor-widget elementor-widget-text-editor\" data-id=\"32ae724\" data-element_type=\"widget\" data-e-type=\"widget\" data-widget_type=\"text-editor.default\">\n\t\t\t\t<div class=\"elementor-widget-container\">\n\t\t\t\t\t\t\t\t\t<p class=\"translation-block\"><strong>1.\u0427\u0430\u0441\u0442\u0438\u0447\u043d\u044b\u0435 \u043a\u043e\u0440\u043e\u043d\u043a\u0438<\/strong> \u0438\u0441\u043f\u043e\u043b\u044c\u0437\u0443\u044e\u0442\u0441\u044f \u043f\u0440\u0438 \u0431\u043e\u043b\u044c\u0448\u0438\u0445 \u0434\u0435\u0444\u0435\u043a\u0442\u0430\u0445 \u0437\u0443\u0431\u043e\u0432, \u043a\u043e\u0442\u043e\u0440\u044b\u0435 \u0435\u0449\u0435 \u043d\u0435 \u0442\u0440\u0435\u0431\u0443\u044e\u0442 \u043f\u043e\u043b\u043d\u043e\u0439 \u043a\u043e\u0440\u043e\u043d\u043a\u0438. \u0421 \u043e\u0434\u043d\u043e\u0439 \u0441\u0442\u043e\u0440\u043e\u043d\u044b, \u0437\u0443\u0431 \u043e\u043f\u0442\u0438\u043c\u0430\u043b\u044c\u043d\u043e \u0440\u0435\u043a\u043e\u043d\u0441\u0442\u0440\u0443\u0438\u0440\u0443\u044e\u0442  \u0438 \u0432\u043e\u0441\u0441\u0442\u0430\u043d\u0430\u0432\u043b\u0438\u0432\u0430\u044e\u0442 \u0435\u0433\u043e \u0444\u0443\u043d\u043a\u0446\u0438\u044e, \u0430 \u0441 \u0434\u0440\u0443\u0433\u043e\u0439 \u0441\u0442\u043e\u0440\u043e\u043d\u044b, \u0441\u043e\u0445\u0440\u0430\u043d\u044f\u0435\u0442\u0441\u044f \u043a\u0430\u043a \u043c\u043e\u0436\u043d\u043e \u0431\u043e\u043b\u044c\u0448\u0435 \u0432\u0435\u0449\u0435\u0441\u0442\u0432\u0430.<\/p>\t\t\t\t\t\t\t\t<\/div>\n\t\t\t\t<\/div>\n\t\t\t\t\t<\/div>\n\t\t<\/div>\n\t\t\t\t\t<\/div>\n\t\t<\/section>\n\t\t\t\t<section class=\"elementor-section elementor-top-section elementor-element elementor-element-1c729146 elementor-section-boxed elementor-section-height-default elementor-section-height-default\" data-id=\"1c729146\" data-element_type=\"section\" data-e-type=\"section\">\n\t\t\t\t\t\t<div class=\"elementor-container elementor-column-gap-default\">\n\t\t\t\t\t<div class=\"elementor-column elementor-col-100 elementor-top-column elementor-element elementor-element-2210f803\" data-id=\"2210f803\" data-element_type=\"column\" data-e-type=\"column\">\n\t\t\t<div class=\"elementor-widget-wrap elementor-element-populated\">\n\t\t\t\t\t\t<div class=\"elementor-element elementor-element-6d34bed9 elementor-widget elementor-widget-image\" data-id=\"6d34bed9\" data-element_type=\"widget\" data-e-type=\"widget\" data-widget_type=\"image.default\">\n\t\t\t\t<div class=\"elementor-widget-container\">\n\t\t\t\t\t\t\t\t\t\t\t\t\t\t\t<img fetchpriority=\"high\" decoding=\"async\" width=\"300\" height=\"229\" src=\"https:\/\/zahnarzt-chudin.de\/wp-content\/uploads\/2021\/05\/Depositphotos_365936652_xl-2015-300x229.jpg\" class=\"attachment-medium size-medium wp-image-1156\" alt=\"\" srcset=\"https:\/\/zahnarzt-chudin.de\/wp-content\/uploads\/2021\/05\/Depositphotos_365936652_xl-2015-300x229.jpg 300w, https:\/\/zahnarzt-chudin.de\/wp-content\/uploads\/2021\/05\/Depositphotos_365936652_xl-2015-1024x782.jpg 1024w, https:\/\/zahnarzt-chudin.de\/wp-content\/uploads\/2021\/05\/Depositphotos_365936652_xl-2015-768x586.jpg 768w, https:\/\/zahnarzt-chudin.de\/wp-content\/uploads\/2021\/05\/Depositphotos_365936652_xl-2015-16x12.jpg 16w, https:\/\/zahnarzt-chudin.de\/wp-content\/uploads\/2021\/05\/Depositphotos_365936652_xl-2015.jpg 1200w\" sizes=\"(max-width: 300px) 100vw, 300px\" \/>\t\t\t\t\t\t\t\t\t\t\t\t\t\t\t<\/div>\n\t\t\t\t<\/div>\n\t\t\t\t\t<\/div>\n\t\t<\/div>\n\t\t\t\t\t<\/div>\n\t\t<\/section>\n\t\t\t\t<section class=\"elementor-section elementor-top-section elementor-element elementor-element-489acc24 elementor-section-boxed elementor-section-height-default elementor-section-height-default\" data-id=\"489acc24\" data-element_type=\"section\" data-e-type=\"section\">\n\t\t\t\t\t\t<div class=\"elementor-container elementor-column-gap-no\">\n\t\t\t\t\t<div class=\"elementor-column elementor-col-100 elementor-top-column elementor-element elementor-element-36f8ac67\" data-id=\"36f8ac67\" data-element_type=\"column\" data-e-type=\"column\">\n\t\t\t<div class=\"elementor-widget-wrap elementor-element-populated\">\n\t\t\t\t\t\t<div class=\"elementor-element elementor-element-4436a4b9 elementor-widget elementor-widget-text-editor\" data-id=\"4436a4b9\" data-element_type=\"widget\" data-e-type=\"widget\" data-widget_type=\"text-editor.default\">\n\t\t\t\t<div class=\"elementor-widget-container\">\n\t\t\t\t\t\t\t\t\t<p class=\"translation-block\"><strong>2. \u0418\u0441\u043a\u0443\u0441\u0441\u0442\u0432\u0435\u043d\u043d\u044b\u0435 <\/strong>\u0437\u0443\u0431\u043d\u044b\u0435 \u043a\u043e\u0440\u043e\u043d\u043a\u0438 \u0438\u0441\u043f\u043e\u043b\u044c\u0437\u0443\u044e\u0442\u0441\u044f, \u043a\u043e\u0433\u0434\u0430 \u043a\u043e\u0440\u043e\u043d\u043a\u0430 \u0435\u0441\u0442\u0435\u0441\u0442\u0432\u0435\u043d\u043d\u043e\u0433\u043e \u0437\u0443\u0431\u0430 \u0441\u0438\u043b\u044c\u043d\u043e \u043f\u043e\u0432\u0440\u0435\u0436\u0434\u0435\u043d\u0430 \u0438\u043b\u0438 \u0443\u0436\u0435 \u0447\u0430\u0441\u0442\u043e \u043f\u043b\u043e\u043c\u0431\u0438\u0440\u0443\u0435\u0442\u0441\u044f. \u0414\u043b\u044f \u0438\u0441\u043a\u0443\u0441\u0441\u0442\u0432\u0435\u043d\u043d\u043e\u0439 \u043a\u043e\u0440\u043e\u043d\u043a\u0438 \u043f\u043e\u0440\u0430\u0436\u0435\u043d\u043d\u044b\u0439 \u0437\u0443\u0431 \u043e\u0431\u0442\u0430\u0447\u0438\u0432\u0430\u0435\u0442\u0441\u044f, \u0430 \u0437\u0430\u0442\u0435\u043c \u0434\u0435\u043b\u0430\u0435\u0442\u0441\u044f \u0442\u043e\u0447\u043d\u044b\u0439 \u0441\u043b\u0435\u043f\u043e\u043a \u043a\u0443\u043b\u044c\u0442\u0438 \u0438 \u043e\u043a\u0440\u0443\u0436\u0430\u044e\u0449\u0438\u0445 \u0437\u0443\u0431\u043e\u0432. \u0417\u0443\u0431\u043d\u043e\u0439 \u0442\u0435\u0445\u043d\u0438\u043a \u0438\u0441\u043f\u043e\u043b\u044c\u0437\u0443\u0435\u0442 \u044d\u0442\u043e\u0442 \u0441\u043b\u0435\u043f\u043e\u043a \u0434\u043b\u044f \u0441\u043e\u0437\u0434\u0430\u043d\u0438\u044f \u0438\u043d\u0434\u0438\u0432\u0438\u0434\u0443\u0430\u043b\u044c\u043d\u043e\u0439 \u043a\u043e\u0440\u043e\u043d\u043a\u0438 \u0441\u043e\u043e\u0442\u0432\u0435\u0442\u0441\u0442\u0432\u0443\u044e\u0449\u0435\u0433\u043e \u0446\u0432\u0435\u0442\u0430 \u0437\u0443\u0431\u0430 \u0438 \u0438\u0437 \u0436\u0435\u043b\u0430\u0435\u043c\u043e\u0433\u043e \u043c\u0430\u0442\u0435\u0440\u0438\u0430\u043b\u0430. \u0418\u0437 \u043d\u0438\u0445  \u0434\u043e\u0441\u0442\u0443\u043f\u043d\u044b \u044d\u0441\u0442\u0435\u0442\u0438\u0447\u0435\u0441\u043a\u0438 \u043a\u0430\u0447\u0435\u0441\u0442\u0432\u0435\u043d\u043d\u0430\u044f \u043a\u0435\u0440\u0430\u043c\u0438\u043a\u0430 \u0438 \u043c\u0435\u0442\u0430\u043b\u043b\u044b. \u0426\u0435\u043b\u044c\u043d\u043e\u043a\u0435\u0440\u0430\u043c\u0438\u0447\u0435\u0441\u043a\u0438\u0435 \u0437\u0443\u0431\u044b \u043d\u0435 \u0441\u043e\u0434\u0435\u0440\u0436\u0430\u0442 \u043c\u0435\u0442\u0430\u043b\u043b\u0430 \u0438 \u043e\u0431\u043b\u0430\u0434\u0430\u044e\u0442 \u0441\u043b\u0435\u0434\u0443\u044e\u0449\u0438\u043c\u0438 \u0445\u0430\u0440\u0430\u043a\u0442\u0435\u0440\u0438\u0441\u0442\u0438\u043a\u0430\u043c\u0438 :<\/p><p>- \u0412\u044b\u0441\u043e\u043a\u0430\u044f \u044d\u0441\u0442\u0435\u0442\u0438\u043a\u0430 \u0438 \u0435\u0441\u0442\u0435\u0441\u0442\u0432\u0435\u043d\u043d\u043e\u0441\u0442\u044c \u0446\u0432\u0435\u0442\u0430<\/p><p>- \u0414\u043e\u043b\u0433\u043e\u0432\u0435\u0447\u043d\u043e\u0435 \u0438 \u0441\u0442\u0430\u0431\u0438\u043b\u044c\u043d\u043e\u0435 \u043a\u0430\u0447\u0435\u0441\u0442\u0432\u043e<\/p><p>- \u041e\u0442\u043b\u0438\u0447\u043d\u0430\u044f \u0431\u0438\u043e\u0441\u043e\u0432\u043c\u0435\u0441\u0442\u0438\u043c\u043e\u0441\u0442\u044c<\/p><p>- \u0412\u044b\u0441\u043e\u043a\u0430\u044f \u0438\u0437\u043d\u043e\u0441\u043e\u0441\u0442\u043e\u0439\u043a\u043e\u0441\u0442\u044c<\/p>\t\t\t\t\t\t\t\t<\/div>\n\t\t\t\t<\/div>\n\t\t\t\t\t<\/div>\n\t\t<\/div>\n\t\t\t\t\t<\/div>\n\t\t<\/section>\n\t\t\t\t<section class=\"elementor-section elementor-top-section elementor-element elementor-element-59dcedf elementor-section-boxed elementor-section-height-default elementor-section-height-default\" data-id=\"59dcedf\" data-element_type=\"section\" data-e-type=\"section\">\n\t\t\t\t\t\t<div class=\"elementor-container elementor-column-gap-default\">\n\t\t\t\t\t<div class=\"elementor-column elementor-col-100 elementor-top-column elementor-element elementor-element-3b475d0\" data-id=\"3b475d0\" data-element_type=\"column\" data-e-type=\"column\">\n\t\t\t<div class=\"elementor-widget-wrap elementor-element-populated\">\n\t\t\t\t\t\t<div class=\"elementor-element elementor-element-5ba6ee7 elementor-widget elementor-widget-image\" data-id=\"5ba6ee7\" data-element_type=\"widget\" data-e-type=\"widget\" data-widget_type=\"image.default\">\n\t\t\t\t<div class=\"elementor-widget-container\">\n\t\t\t\t\t\t\t\t\t\t\t\t\t\t\t<img decoding=\"async\" width=\"300\" height=\"229\" src=\"https:\/\/zahnarzt-chudin.de\/wp-content\/uploads\/2021\/05\/Depositphotos_308131276_xl-2015-300x229.jpg\" class=\"attachment-medium size-medium wp-image-1193\" alt=\"\" srcset=\"https:\/\/zahnarzt-chudin.de\/wp-content\/uploads\/2021\/05\/Depositphotos_308131276_xl-2015-300x229.jpg 300w, https:\/\/zahnarzt-chudin.de\/wp-content\/uploads\/2021\/05\/Depositphotos_308131276_xl-2015-1024x782.jpg 1024w, https:\/\/zahnarzt-chudin.de\/wp-content\/uploads\/2021\/05\/Depositphotos_308131276_xl-2015-768x586.jpg 768w, https:\/\/zahnarzt-chudin.de\/wp-content\/uploads\/2021\/05\/Depositphotos_308131276_xl-2015-16x12.jpg 16w, https:\/\/zahnarzt-chudin.de\/wp-content\/uploads\/2021\/05\/Depositphotos_308131276_xl-2015.jpg 1200w\" sizes=\"(max-width: 300px) 100vw, 300px\" \/>\t\t\t\t\t\t\t\t\t\t\t\t\t\t\t<\/div>\n\t\t\t\t<\/div>\n\t\t\t\t\t<\/div>\n\t\t<\/div>\n\t\t\t\t\t<\/div>\n\t\t<\/section>\n\t\t\t\t<section class=\"elementor-section elementor-top-section elementor-element elementor-element-32cd249 elementor-section-boxed elementor-section-height-default elementor-section-height-default\" data-id=\"32cd249\" data-element_type=\"section\" data-e-type=\"section\">\n\t\t\t\t\t\t<div class=\"elementor-container elementor-column-gap-no\">\n\t\t\t\t\t<div class=\"elementor-column elementor-col-100 elementor-top-column elementor-element elementor-element-039e099\" data-id=\"039e099\" data-element_type=\"column\" data-e-type=\"column\">\n\t\t\t<div class=\"elementor-widget-wrap elementor-element-populated\">\n\t\t\t\t\t\t<div class=\"elementor-element elementor-element-fd01e39 elementor-widget elementor-widget-text-editor\" data-id=\"fd01e39\" data-element_type=\"widget\" data-e-type=\"widget\" data-widget_type=\"text-editor.default\">\n\t\t\t\t<div class=\"elementor-widget-container\">\n\t\t\t\t\t\t\t\t\t<p class=\"translation-block\"><strong>3. \u0412\u0438\u043d\u0438\u0440\u044b<\/strong> - \u044d\u0442\u043e \u0442\u043e\u043d\u043a\u0438\u0435 \u043a\u0435\u0440\u0430\u043c\u0438\u0447\u0435\u0441\u043a\u0438\u0435 \u043e\u0431\u043e\u043b\u043e\u0447\u043a\u0438, \u0441 \u043f\u043e\u043c\u043e\u0449\u044c\u044e \u043a\u043e\u0442\u043e\u0440\u044b\u0445 \u043f\u0435\u0440\u0435\u0434\u043d\u0438\u0435 \u0437\u0443\u0431\u044b \u043c\u043e\u0433\u0443\u0442 \u0431\u044b\u0442\u044c \u0438\u0437\u043c\u0435\u043d\u0435\u043d\u044b \u043f\u043e \u0446\u0432\u0435\u0442\u0443 \u0438, \u0432 \u043e\u043f\u0440\u0435\u0434\u0435\u043b\u0435\u043d\u043d\u043e\u0439 \u0441\u0442\u0435\u043f\u0435\u043d\u0438, \u043f\u043e \u0444\u043e\u0440\u043c\u0435. \u0412\u0438\u043d\u0438\u0440\u044b \u0442\u0430\u043a\u0436\u0435 \u043c\u043e\u0433\u0443\u0442 \u0437\u0430\u043a\u0440\u044b\u0442\u044c \u043d\u0435\u0431\u043e\u043b\u044c\u0448\u0438\u0435 \u043f\u0440\u043e\u043c\u0435\u0436\u0443\u0442\u043a\u0438 \u0432 \u043f\u043e\u043b\u043e\u0436\u0435\u043d\u0438\u0438 \u0437\u0443\u0431\u043e\u0432. \u041f\u0440\u0438\u0445\u043e\u0434\u0438\u0442\u0441\u044f \u0436\u0435\u0440\u0442\u0432\u043e\u0432\u0430\u0442\u044c \u043e\u0442\u043d\u043e\u0441\u0438\u0442\u0435\u043b\u044c\u043d\u043e \u043d\u0435\u0431\u043e\u043b\u044c\u0448\u0438\u043c \u043a\u043e\u043b\u0438\u0447\u0435\u0441\u0442\u0432\u043e\u043c \u0437\u0434\u043e\u0440\u043e\u0432\u043e\u0433\u043e \u0437\u0443\u0431\u043d\u043e\u0433\u043e \u0432\u0435\u0449\u0435\u0441\u0442\u0432\u0430. \u0420\u0435\u0437\u0443\u043b\u044c\u0442\u0430\u0442 - \u0443\u043b\u044b\u0431\u043a\u0430, \u0438\u0437\u043b\u0443\u0447\u0430\u044e\u0449\u0430\u044f \u0437\u0434\u043e\u0440\u043e\u0432\u044c\u0435 \u0438 \u0436\u0438\u0437\u043d\u0435\u0440\u0430\u0434\u043e\u0441\u0442\u043d\u043e\u0441\u0442\u044c.<\/p>\t\t\t\t\t\t\t\t<\/div>\n\t\t\t\t<\/div>\n\t\t\t\t\t<\/div>\n\t\t<\/div>\n\t\t\t\t\t<\/div>\n\t\t<\/section>\n\t\t\t\t<section class=\"elementor-section elementor-top-section elementor-element elementor-element-d3eb69c elementor-section-boxed elementor-section-height-default elementor-section-height-default\" data-id=\"d3eb69c\" data-element_type=\"section\" data-e-type=\"section\">\n\t\t\t\t\t\t<div class=\"elementor-container elementor-column-gap-default\">\n\t\t\t\t\t<div class=\"elementor-column elementor-col-100 elementor-top-column elementor-element elementor-element-45f1eb2\" data-id=\"45f1eb2\" data-element_type=\"column\" data-e-type=\"column\">\n\t\t\t<div class=\"elementor-widget-wrap elementor-element-populated\">\n\t\t\t\t\t\t<div class=\"elementor-element elementor-element-9bcf321 elementor-widget elementor-widget-image\" data-id=\"9bcf321\" data-element_type=\"widget\" data-e-type=\"widget\" data-widget_type=\"image.default\">\n\t\t\t\t<div class=\"elementor-widget-container\">\n\t\t\t\t\t\t\t\t\t\t\t\t\t\t\t<img decoding=\"async\" width=\"300\" height=\"225\" src=\"https:\/\/zahnarzt-chudin.de\/wp-content\/uploads\/2021\/05\/Depositphotos_195254854_xl-2015-300x225.jpg\" class=\"attachment-medium size-medium wp-image-1192\" alt=\"\" srcset=\"https:\/\/zahnarzt-chudin.de\/wp-content\/uploads\/2021\/05\/Depositphotos_195254854_xl-2015-300x225.jpg 300w, https:\/\/zahnarzt-chudin.de\/wp-content\/uploads\/2021\/05\/Depositphotos_195254854_xl-2015-1024x768.jpg 1024w, https:\/\/zahnarzt-chudin.de\/wp-content\/uploads\/2021\/05\/Depositphotos_195254854_xl-2015-768x576.jpg 768w, https:\/\/zahnarzt-chudin.de\/wp-content\/uploads\/2021\/05\/Depositphotos_195254854_xl-2015-16x12.jpg 16w, https:\/\/zahnarzt-chudin.de\/wp-content\/uploads\/2021\/05\/Depositphotos_195254854_xl-2015.jpg 1200w\" sizes=\"(max-width: 300px) 100vw, 300px\" \/>\t\t\t\t\t\t\t\t\t\t\t\t\t\t\t<\/div>\n\t\t\t\t<\/div>\n\t\t\t\t\t<\/div>\n\t\t<\/div>\n\t\t\t\t\t<\/div>\n\t\t<\/section>\n\t\t\t\t<\/div>","protected":false},"excerpt":{"rendered":"<p>Kronen,Teilkronenund Veneers Der nat\u00fcrliche Zahn dient uns als Vorbild! 1. Teilkronen werden bei gr\u00f6\u00dferen Zahndefekten eingesetzt, die aber eine v\u00f6llige \u00dcberkronung noch nicht notwendig machen. Dabei wird der Zahn einerseits optimal versorgt und wieder in seiner Funktion und Form hergestellt, anderseits wird so viel Substanz wie m\u00f6glich geschont. 2. K\u00fcnstliche Zahnkronen kommen zum Einsatz, wenn [&hellip;]<\/p>\n","protected":false},"author":1,"featured_media":0,"parent":0,"menu_order":0,"comment_status":"closed","ping_status":"closed","template":"","meta":{"site-sidebar-layout":"no-sidebar","site-content-layout":"page-builder","ast-site-content-layout":"default","site-content-style":"default","site-sidebar-style":"default","ast-global-header-display":"","ast-banner-title-visibility":"","ast-main-header-display":"","ast-hfb-above-header-display":"","ast-hfb-below-header-display":"","ast-hfb-mobile-header-display":"","site-post-title":"disabled","ast-breadcrumbs-content":"","ast-featured-img":"disabled","footer-sml-layout":"","theme-transparent-header-meta":"default","adv-header-id-meta":"","stick-header-meta":"default","header-above-stick-meta":"","header-main-stick-meta":"","header-below-stick-meta":"","astra-migrate-meta-layouts":"default","ast-page-background-enabled":"default","ast-page-background-meta":{"desktop":{"background-color":"","background-image":"","background-repeat":"repeat","background-position":"center center","background-size":"auto","background-attachment":"scroll","background-type":"","background-media":"","overlay-type":"","overlay-color":"","overlay-opacity":"","overlay-gradient":""},"tablet":{"background-color":"","background-image":"","background-repeat":"repeat","background-position":"center center","background-size":"auto","background-attachment":"scroll","background-type":"","background-media":"","overlay-type":"","overlay-color":"","overlay-opacity":"","overlay-gradient":""},"mobile":{"background-color":"","background-image":"","background-repeat":"repeat","background-position":"center center","background-size":"auto","background-attachment":"scroll","background-type":"","background-media":"","overlay-type":"","overlay-color":"","overlay-opacity":"","overlay-gradient":""}},"ast-content-background-meta":{"desktop":{"background-color":"var(--ast-global-color-5)","background-image":"","background-repeat":"repeat","background-position":"center center","background-size":"auto","background-attachment":"scroll","background-type":"","background-media":"","overlay-type":"","overlay-color":"","overlay-opacity":"","overlay-gradient":""},"tablet":{"background-color":"var(--ast-global-color-5)","background-image":"","background-repeat":"repeat","background-position":"center center","background-size":"auto","background-attachment":"scroll","background-type":"","background-media":"","overlay-type":"","overlay-color":"","overlay-opacity":"","overlay-gradient":""},"mobile":{"background-color":"var(--ast-global-color-5)","background-image":"","background-repeat":"repeat","background-position":"center center","background-size":"auto","background-attachment":"scroll","background-type":"","background-media":"","overlay-type":"","overlay-color":"","overlay-opacity":"","overlay-gradient":""}},"footnotes":""},"class_list":["post-300","page","type-page","status-publish","hentry"],"_links":{"self":[{"href":"https:\/\/zahnarzt-chudin.de\/ru\/wp-json\/wp\/v2\/pages\/300","targetHints":{"allow":["GET"]}}],"collection":[{"href":"https:\/\/zahnarzt-chudin.de\/ru\/wp-json\/wp\/v2\/pages"}],"about":[{"href":"https:\/\/zahnarzt-chudin.de\/ru\/wp-json\/wp\/v2\/types\/page"}],"author":[{"embeddable":true,"href":"https:\/\/zahnarzt-chudin.de\/ru\/wp-json\/wp\/v2\/users\/1"}],"replies":[{"embeddable":true,"href":"https:\/\/zahnarzt-chudin.de\/ru\/wp-json\/wp\/v2\/comments?post=300"}],"version-history":[{"count":49,"href":"https:\/\/zahnarzt-chudin.de\/ru\/wp-json\/wp\/v2\/pages\/300\/revisions"}],"predecessor-version":[{"id":1646,"href":"https:\/\/zahnarzt-chudin.de\/ru\/wp-json\/wp\/v2\/pages\/300\/revisions\/1646"}],"wp:attachment":[{"href":"https:\/\/zahnarzt-chudin.de\/ru\/wp-json\/wp\/v2\/media?parent=300"}],"curies":[{"name":"wp","href":"https:\/\/api.w.org\/{rel}","templated":true}]}}