{"id":294,"date":"2020-11-02T10:40:23","date_gmt":"2020-11-02T10:40:23","guid":{"rendered":"https:\/\/zahnarzt-chudin.de\/?page_id=294"},"modified":"2021-06-02T06:53:52","modified_gmt":"2021-06-02T06:53:52","slug":"parodontologie","status":"publish","type":"page","link":"https:\/\/zahnarzt-chudin.de\/ru\/parodontologie\/","title":{"rendered":"\u043f\u0430\u0440\u043e\u0434\u043e\u043d\u0442\u043e\u043b\u043e\u0433\u0438\u044f"},"content":{"rendered":"<div data-elementor-type=\"wp-page\" data-elementor-id=\"294\" class=\"elementor elementor-294\" data-elementor-post-type=\"page\">\n\t\t\t\t\t\t<section class=\"elementor-section elementor-top-section elementor-element elementor-element-272aed45 elementor-section-height-min-height elementor-section-boxed elementor-section-height-default elementor-section-items-middle\" data-id=\"272aed45\" data-element_type=\"section\" data-e-type=\"section\" data-settings=\"{&quot;background_background&quot;:&quot;classic&quot;}\">\n\t\t\t\t\t\t\t<div class=\"elementor-background-overlay\"><\/div>\n\t\t\t\t\t\t\t<div class=\"elementor-container elementor-column-gap-no\">\n\t\t\t\t\t<div class=\"elementor-column elementor-col-100 elementor-top-column elementor-element elementor-element-503c6f21\" data-id=\"503c6f21\" data-element_type=\"column\" data-e-type=\"column\">\n\t\t\t<div class=\"elementor-widget-wrap elementor-element-populated\">\n\t\t\t\t\t\t<div class=\"elementor-element elementor-element-3a9fb89f elementor-widget elementor-widget-heading\" data-id=\"3a9fb89f\" data-element_type=\"widget\" data-e-type=\"widget\" data-widget_type=\"heading.default\">\n\t\t\t\t<div class=\"elementor-widget-container\">\n\t\t\t\t\t<h2 class=\"elementor-heading-title elementor-size-default\">\u043f\u0430\u0440\u043e\u0434\u043e\u043d\u0442\u043e\u043b\u043e\u0433\u0438\u044f<\/h2>\t\t\t\t<\/div>\n\t\t\t\t<\/div>\n\t\t\t\t\t<\/div>\n\t\t<\/div>\n\t\t\t\t\t<\/div>\n\t\t<\/section>\n\t\t\t\t<section class=\"elementor-section elementor-top-section elementor-element elementor-element-15702ee0 elementor-section-height-min-height elementor-section-boxed elementor-section-height-default elementor-section-items-middle\" data-id=\"15702ee0\" data-element_type=\"section\" data-e-type=\"section\" data-settings=\"{&quot;background_background&quot;:&quot;classic&quot;,&quot;shape_divider_bottom&quot;:&quot;mountains&quot;}\">\n\t\t\t\t\t<div class=\"elementor-shape elementor-shape-bottom\" aria-hidden=\"true\" data-negative=\"false\">\n\t\t\t<svg xmlns=\"http:\/\/www.w3.org\/2000\/svg\" viewbox=\"0 0 1000 100\" preserveaspectratio=\"none\">\n\t<path class=\"elementor-shape-fill\" opacity=\"0.33\" d=\"M473,67.3c-203.9,88.3-263.1-34-320.3,0C66,119.1,0,59.7,0,59.7V0h1000v59.7 c0,0-62.1,26.1-94.9,29.3c-32.8,3.3-62.8-12.3-75.8-22.1C806,49.6,745.3,8.7,694.9,4.7S492.4,59,473,67.3z\"\/>\n\t<path class=\"elementor-shape-fill\" opacity=\"0.66\" d=\"M734,67.3c-45.5,0-77.2-23.2-129.1-39.1c-28.6-8.7-150.3-10.1-254,39.1 s-91.7-34.4-149.2,0C115.7,118.3,0,39.8,0,39.8V0h1000v36.5c0,0-28.2-18.5-92.1-18.5C810.2,18.1,775.7,67.3,734,67.3z\"\/>\n\t<path class=\"elementor-shape-fill\" d=\"M766.1,28.9c-200-57.5-266,65.5-395.1,19.5C242,1.8,242,5.4,184.8,20.6C128,35.8,132.3,44.9,89.9,52.5C28.6,63.7,0,0,0,0 h1000c0,0-9.9,40.9-83.6,48.1S829.6,47,766.1,28.9z\"\/>\n<\/svg>\t\t<\/div>\n\t\t\t\t\t<div class=\"elementor-container elementor-column-gap-no\">\n\t\t\t\t\t<div class=\"elementor-column elementor-col-33 elementor-top-column elementor-element elementor-element-66a26a24\" data-id=\"66a26a24\" data-element_type=\"column\" data-e-type=\"column\" data-settings=\"{&quot;background_background&quot;:&quot;classic&quot;}\">\n\t\t\t<div class=\"elementor-widget-wrap elementor-element-populated\">\n\t\t\t\t\t\t<div class=\"elementor-element elementor-element-21f9cb5 elementor-widget elementor-widget-heading\" data-id=\"21f9cb5\" data-element_type=\"widget\" data-e-type=\"widget\" data-widget_type=\"heading.default\">\n\t\t\t\t<div class=\"elementor-widget-container\">\n\t\t\t\t\t<h2 class=\"elementor-heading-title elementor-size-default\">\u0427\u0442\u043e \u0442\u0430\u043a\u043e\u0435 \u043f\u0430\u0440\u043e\u0434\u043e\u043d\u0442\u0438\u0442 (\u043f\u0430\u0440\u043e\u0434\u043e\u043d\u0442\u043e\u0437)?<\/h2>\t\t\t\t<\/div>\n\t\t\t\t<\/div>\n\t\t\t\t\t<\/div>\n\t\t<\/div>\n\t\t\t\t<div class=\"elementor-column elementor-col-33 elementor-top-column elementor-element elementor-element-68152bb4\" data-id=\"68152bb4\" data-element_type=\"column\" data-e-type=\"column\">\n\t\t\t<div class=\"elementor-widget-wrap\">\n\t\t\t\t\t\t\t<\/div>\n\t\t<\/div>\n\t\t\t\t<div class=\"elementor-column elementor-col-33 elementor-top-column elementor-element elementor-element-3509a987\" data-id=\"3509a987\" data-element_type=\"column\" data-e-type=\"column\">\n\t\t\t<div class=\"elementor-widget-wrap elementor-element-populated\">\n\t\t\t\t\t\t<div class=\"elementor-element elementor-element-33ff5421 elementor-widget elementor-widget-text-editor\" data-id=\"33ff5421\" data-element_type=\"widget\" data-e-type=\"widget\" data-widget_type=\"text-editor.default\">\n\t\t\t\t<div class=\"elementor-widget-container\">\n\t\t\t\t\t\t\t\t\t<p class=\"p1\">\u044d\u0442\u043e \u0437\u0430\u0431\u043e\u043b\u0435\u0432\u0430\u043d\u0438\u0435 \u0441\u0438\u0441\u0442\u0435\u043c\u044b \u043f\u043e\u0434\u0434\u0435\u0440\u0436\u043a\u0438 \u0437\u0443\u0431\u0430, \u043a\u043e\u0442\u043e\u0440\u043e\u0435 \u043f\u0440\u0438\u0432\u043e\u0434\u0438\u0442 \u043a \u043e\u043f\u0443\u0441\u043a\u0430\u043d\u0438\u044e \u0434\u0435\u0441\u0435\u043d, \u0430 \u0437\u0430\u0442\u0435\u043c \u0438 \u043a \u0440\u0430\u0441\u0448\u0430\u0442\u044b\u0432\u0430\u043d\u0438\u044e \u0437\u0443\u0431\u043e\u0432. \u0422\u043e, \u0447\u0442\u043e \u0447\u0430\u0441\u0442\u043e \u0441\u0447\u0438\u0442\u0430\u0435\u0442\u0441\u044f \u00ab\u043f\u0440\u0438\u0437\u043d\u0430\u043a\u043e\u043c \u0441\u0442\u0430\u0440\u043e\u0441\u0442\u0438\u00bb, \u044f\u0432\u043b\u044f\u0435\u0442\u0441\u044f \u0437\u0430\u0431\u043e\u043b\u0435\u0432\u0430\u043d\u0438\u0435\u043c, \u043a\u043e\u0442\u043e\u0440\u043e\u0435, \u043d\u0430\u0440\u044f\u0434\u0443 \u0441 \u043a\u0430\u0440\u0438\u0435\u0441\u043e\u043c, \u044f\u0432\u043b\u044f\u0435\u0442\u0441\u044f \u043d\u0430\u0438\u0431\u043e\u043b\u0435\u0435 \u0440\u0430\u0441\u043f\u0440\u043e\u0441\u0442\u0440\u0430\u043d\u0435\u043d\u043d\u044b\u043c \u0437\u0430\u0431\u043e\u043b\u0435\u0432\u0430\u043d\u0438\u0435\u043c \u043f\u043e\u043b\u043e\u0441\u0442\u0438 \u0440\u0442\u0430.<\/p>\t\t\t\t\t\t\t\t<\/div>\n\t\t\t\t<\/div>\n\t\t\t\t\t<\/div>\n\t\t<\/div>\n\t\t\t\t\t<\/div>\n\t\t<\/section>\n\t\t\t\t<section class=\"elementor-section elementor-top-section elementor-element elementor-element-482367c7 elementor-section-boxed elementor-section-height-default elementor-section-height-default\" data-id=\"482367c7\" data-element_type=\"section\" data-e-type=\"section\">\n\t\t\t\t\t\t<div class=\"elementor-container elementor-column-gap-no\">\n\t\t\t\t\t<div class=\"elementor-column elementor-col-100 elementor-top-column elementor-element elementor-element-7a0cf8fc\" data-id=\"7a0cf8fc\" data-element_type=\"column\" data-e-type=\"column\">\n\t\t\t<div class=\"elementor-widget-wrap elementor-element-populated\">\n\t\t\t\t\t\t<div class=\"elementor-element elementor-element-2490fd4 elementor-widget elementor-widget-text-editor\" data-id=\"2490fd4\" data-element_type=\"widget\" data-e-type=\"widget\" data-widget_type=\"text-editor.default\">\n\t\t\t\t<div class=\"elementor-widget-container\">\n\t\t\t\t\t\t\t\t\t<p class=\"p1 translation-block\">\u041e\u0441\u043d\u043e\u0432\u043d\u0430\u044f \u043f\u0440\u0438\u0447\u0438\u043d\u0430 \u044d\u0442\u043e\u0433\u043e \u0437\u0430\u0431\u043e\u043b\u0435\u0432\u0430\u043d\u0438\u044f - \u0431\u0430\u043a\u0442\u0435\u0440\u0438\u0430\u043b\u044c\u043d\u044b\u0439 \u043d\u0430\u043b\u0435\u0442, \u043a\u043e\u0442\u043e\u0440\u044b\u0439 \u043f\u0440\u0438\u0432\u043e\u0434\u0438\u0442 \u043a \u043a\u0440\u043e\u0432\u043e\u0442\u043e\u0447\u0438\u0432\u043e\u0441\u0442\u0438 \u0434\u0435\u0441\u0435\u043d \u0438 \u043e\u0431\u0440\u0430\u0437\u043e\u0432\u0430\u043d\u0438\u044e \u043a\u0430\u0440\u043c\u0430\u043d\u043e\u0432. \u0414\u0440\u0443\u0433\u0438\u043c\u0438 \u0444\u0430\u043a\u0442\u043e\u0440\u0430\u043c\u0438 \u0440\u0438\u0441\u043a\u0430 \u044f\u0432\u043b\u044f\u044e\u0442\u0441\u044f, \u043d\u0430\u043f\u0440\u0438\u043c\u0435\u0440, \u043a\u0443\u0440\u0435\u043d\u0438\u0435, \u0441\u0442\u0440\u0435\u0441\u0441 \u0438 \u0434\u0438\u0430\u0431\u0435\u0442. \u041f\u0430\u0440\u043e\u0434\u043e\u043d\u0442\u0438\u0442 \u043c\u043e\u0436\u0435\u0442 \u0443\u0432\u0435\u043b\u0438\u0447\u0438\u0442\u044c \u0440\u0438\u0441\u043a \u0441\u0435\u0440\u0434\u0435\u0447\u043d\u043e-\u0441\u043e\u0441\u0443\u0434\u0438\u0441\u0442\u044b\u0445 \u0437\u0430\u0431\u043e\u043b\u0435\u0432\u0430\u043d\u0438\u0439 \u0438 \u0438\u043d\u0441\u0443\u043b\u044c\u0442\u0430, \u043f\u043e\u044d\u0442\u043e\u043c\u0443 \u0435\u0433\u043e \u043b\u0435\u0447\u0435\u043d\u0438\u0435 \u043e\u0447\u0435\u043d\u044c \u0432\u0430\u0436\u043d\u043e \u0434\u043b\u044f \u0432\u0430\u0448\u0435\u0433\u043e  \u0441\u043e\u0441\u0442\u043e\u044f\u043d\u0438\u044f \u0437\u0434\u043e\u0440\u043e\u0432\u044c\u044f. \u0414\u0435\u0441\u043d\u0435\u0432\u044b\u0435 \u043a\u0430\u0440\u043c\u0430\u043d\u044b \u043e\u0447\u0438\u0449\u0430\u044e\u0442\u0441\u044f \u0441\u043f\u0435\u0446\u0438\u0430\u043b\u044c\u043d\u044b\u043c\u0438 \u0438\u043d\u0441\u0442\u0440\u0443\u043c\u0435\u043d\u0442\u0430\u043c\u0438. \u0423\u0434\u0430\u043b\u044f\u044e\u0442\u0441\u044f \u0442\u0432\u0435\u0440\u0434\u044b\u0435 \u0438 \u043c\u044f\u0433\u043a\u0438\u0435 \u043e\u0442\u043b\u043e\u0436\u0435\u043d\u0438\u044f (\u043d\u0430\u043b\u0435\u0442). \u0427\u0442\u043e\u0431\u044b \u043f\u0440\u0435\u0434\u043e\u0442\u0432\u0440\u0430\u0442\u0438\u0442\u044c \u043f\u043e\u0432\u0442\u043e\u0440\u043d\u043e\u0435 \u043f\u0440\u0438\u043b\u0438\u043f\u0430\u043d\u0438\u0435 \u0432\u0440\u0435\u0434\u043d\u044b\u0445 \u0431\u0430\u043a\u0442\u0435\u0440\u0438\u0439, \u0432\u0441\u0435 \u0434\u043e\u0441\u0442\u0443\u043f\u043d\u044b\u0435 \u043f\u043e\u0432\u0435\u0440\u0445\u043d\u043e\u0441\u0442\u0438 \u043a\u043e\u0440\u043d\u0435\u0439 \u0437\u0443\u0431\u043e\u0432 \u0441\u0433\u043b\u0430\u0436\u0438\u0432\u0430\u044e\u0442\u0441\u044f.<\/p>\t\t\t\t\t\t\t\t<\/div>\n\t\t\t\t<\/div>\n\t\t\t\t\t<\/div>\n\t\t<\/div>\n\t\t\t\t\t<\/div>\n\t\t<\/section>\n\t\t\t\t<section class=\"elementor-section elementor-top-section elementor-element elementor-element-7d1d66d elementor-section-boxed elementor-section-height-default elementor-section-height-default\" data-id=\"7d1d66d\" data-element_type=\"section\" data-e-type=\"section\">\n\t\t\t\t\t\t<div class=\"elementor-container elementor-column-gap-default\">\n\t\t\t\t\t<div class=\"elementor-column elementor-col-100 elementor-top-column elementor-element elementor-element-5ce94af\" data-id=\"5ce94af\" data-element_type=\"column\" data-e-type=\"column\">\n\t\t\t<div class=\"elementor-widget-wrap elementor-element-populated\">\n\t\t\t\t\t\t<div class=\"elementor-element elementor-element-b4a4484 elementor-widget elementor-widget-image\" data-id=\"b4a4484\" data-element_type=\"widget\" data-e-type=\"widget\" data-widget_type=\"image.default\">\n\t\t\t\t<div class=\"elementor-widget-container\">\n\t\t\t\t\t\t\t\t\t\t\t\t\t\t\t<img fetchpriority=\"high\" decoding=\"async\" width=\"300\" height=\"200\" src=\"https:\/\/zahnarzt-chudin.de\/wp-content\/uploads\/2021\/05\/Depositphotos_13853870_xl-2015-300x200.jpg\" class=\"attachment-medium size-medium wp-image-1105\" alt=\"\" srcset=\"https:\/\/zahnarzt-chudin.de\/wp-content\/uploads\/2021\/05\/Depositphotos_13853870_xl-2015-300x200.jpg 300w, https:\/\/zahnarzt-chudin.de\/wp-content\/uploads\/2021\/05\/Depositphotos_13853870_xl-2015-1024x683.jpg 1024w, https:\/\/zahnarzt-chudin.de\/wp-content\/uploads\/2021\/05\/Depositphotos_13853870_xl-2015-768x512.jpg 768w, https:\/\/zahnarzt-chudin.de\/wp-content\/uploads\/2021\/05\/Depositphotos_13853870_xl-2015-16x12.jpg 16w, https:\/\/zahnarzt-chudin.de\/wp-content\/uploads\/2021\/05\/Depositphotos_13853870_xl-2015.jpg 1200w\" sizes=\"(max-width: 300px) 100vw, 300px\" \/>\t\t\t\t\t\t\t\t\t\t\t\t\t\t\t<\/div>\n\t\t\t\t<\/div>\n\t\t\t\t\t<\/div>\n\t\t<\/div>\n\t\t\t\t\t<\/div>\n\t\t<\/section>\n\t\t\t\t<section class=\"elementor-section elementor-top-section elementor-element elementor-element-e4a938e elementor-section-boxed elementor-section-height-default elementor-section-height-default\" data-id=\"e4a938e\" data-element_type=\"section\" data-e-type=\"section\">\n\t\t\t\t\t\t<div class=\"elementor-container elementor-column-gap-no\">\n\t\t\t\t\t<div class=\"elementor-column elementor-col-100 elementor-top-column elementor-element elementor-element-ea3d458\" data-id=\"ea3d458\" data-element_type=\"column\" data-e-type=\"column\">\n\t\t\t<div class=\"elementor-widget-wrap elementor-element-populated\">\n\t\t\t\t\t\t<div class=\"elementor-element elementor-element-dcafcfa elementor-widget elementor-widget-text-editor\" data-id=\"dcafcfa\" data-element_type=\"widget\" data-e-type=\"widget\" data-widget_type=\"text-editor.default\">\n\t\t\t\t<div class=\"elementor-widget-container\">\n\t\t\t\t\t\t\t\t\t<p class=\"p1 translation-block\">\u0434\u043e\u043f\u043e\u043b\u043d\u0438\u0442\u0435\u043b\u044c\u043d\u0430\u044f \u043e\u0431\u0440\u0430\u0431\u043e\u0442\u043a\u0430 \u0434\u0435\u0441\u043d\u0435\u0432\u044b\u0445 \u043a\u0430\u0440\u043c\u0430\u043d\u043e\u0432 \u043b\u0430\u0437\u0435\u0440\u043e\u043c \u0432\u0435\u0434\u0451\u0442 \u043a \u0441\u043d\u0438\u0436\u0435\u043d\u0438\u044e \u043a\u043e\u043b\u0438\u0447\u0435\u0441\u0442\u0432\u0430 \u043c\u0438\u043a\u0440\u043e\u0431\u043e\u0432 \u0432 \u043d\u0438\u0445. \u0417\u0430\u0436\u0438\u0432\u043b\u0435\u043d\u0438\u0435 \u0440\u0430\u043d \u043f\u0440\u043e\u0438\u0441\u0445\u043e\u0434\u0438\u0442 \u0431\u044b\u0441\u0442\u0440\u0435\u0435.<\/p>\t\t\t\t\t\t\t\t<\/div>\n\t\t\t\t<\/div>\n\t\t\t\t<div class=\"elementor-element elementor-element-563828e elementor-widget elementor-widget-image\" data-id=\"563828e\" data-element_type=\"widget\" data-e-type=\"widget\" data-widget_type=\"image.default\">\n\t\t\t\t<div class=\"elementor-widget-container\">\n\t\t\t\t\t\t\t\t\t\t\t\t\t\t\t<img decoding=\"async\" width=\"300\" height=\"200\" src=\"https:\/\/zahnarzt-chudin.de\/wp-content\/uploads\/2021\/05\/Depositphotos_2189429_l-2015-300x200.jpg\" class=\"attachment-medium size-medium wp-image-1104\" alt=\"\" srcset=\"https:\/\/zahnarzt-chudin.de\/wp-content\/uploads\/2021\/05\/Depositphotos_2189429_l-2015-300x200.jpg 300w, https:\/\/zahnarzt-chudin.de\/wp-content\/uploads\/2021\/05\/Depositphotos_2189429_l-2015-1024x683.jpg 1024w, https:\/\/zahnarzt-chudin.de\/wp-content\/uploads\/2021\/05\/Depositphotos_2189429_l-2015-768x512.jpg 768w, https:\/\/zahnarzt-chudin.de\/wp-content\/uploads\/2021\/05\/Depositphotos_2189429_l-2015-16x12.jpg 16w, https:\/\/zahnarzt-chudin.de\/wp-content\/uploads\/2021\/05\/Depositphotos_2189429_l-2015.jpg 1200w\" sizes=\"(max-width: 300px) 100vw, 300px\" \/>\t\t\t\t\t\t\t\t\t\t\t\t\t\t\t<\/div>\n\t\t\t\t<\/div>\n\t\t\t\t\t<\/div>\n\t\t<\/div>\n\t\t\t\t\t<\/div>\n\t\t<\/section>\n\t\t\t\t<\/div>","protected":false},"excerpt":{"rendered":"<p>Parodontologie Was ist Parodontitis (Parodontose)? Es ist eine Erkrankung des Zahnhalteapparates, die unbehandelt zu Zahnfleischr\u00fcckgang und sp\u00e4ter auch zu Zahnlockerung f\u00fchrt. Was h\u00e4ufig als \u201eAlterserscheinung\u201c angenommen wird, ist eine therapierbare Erkrankung, die neben Karies die h\u00e4ufigste Erkrankung in der Mundh\u00f6le darstellt. Die Ursache f\u00fcr diese Erkrankung ist haupts\u00e4chlich der bakterielle Zahnbelag, der zu Zahnfleischbluten und [&hellip;]<\/p>\n","protected":false},"author":1,"featured_media":0,"parent":0,"menu_order":0,"comment_status":"closed","ping_status":"closed","template":"","meta":{"site-sidebar-layout":"no-sidebar","site-content-layout":"page-builder","ast-site-content-layout":"default","site-content-style":"default","site-sidebar-style":"default","ast-global-header-display":"","ast-banner-title-visibility":"","ast-main-header-display":"","ast-hfb-above-header-display":"","ast-hfb-below-header-display":"","ast-hfb-mobile-header-display":"","site-post-title":"disabled","ast-breadcrumbs-content":"","ast-featured-img":"disabled","footer-sml-layout":"","theme-transparent-header-meta":"default","adv-header-id-meta":"","stick-header-meta":"default","header-above-stick-meta":"","header-main-stick-meta":"","header-below-stick-meta":"","astra-migrate-meta-layouts":"default","ast-page-background-enabled":"default","ast-page-background-meta":{"desktop":{"background-color":"","background-image":"","background-repeat":"repeat","background-position":"center center","background-size":"auto","background-attachment":"scroll","background-type":"","background-media":"","overlay-type":"","overlay-color":"","overlay-opacity":"","overlay-gradient":""},"tablet":{"background-color":"","background-image":"","background-repeat":"repeat","background-position":"center center","background-size":"auto","background-attachment":"scroll","background-type":"","background-media":"","overlay-type":"","overlay-color":"","overlay-opacity":"","overlay-gradient":""},"mobile":{"background-color":"","background-image":"","background-repeat":"repeat","background-position":"center center","background-size":"auto","background-attachment":"scroll","background-type":"","background-media":"","overlay-type":"","overlay-color":"","overlay-opacity":"","overlay-gradient":""}},"ast-content-background-meta":{"desktop":{"background-color":"var(--ast-global-color-5)","background-image":"","background-repeat":"repeat","background-position":"center center","background-size":"auto","background-attachment":"scroll","background-type":"","background-media":"","overlay-type":"","overlay-color":"","overlay-opacity":"","overlay-gradient":""},"tablet":{"background-color":"var(--ast-global-color-5)","background-image":"","background-repeat":"repeat","background-position":"center center","background-size":"auto","background-attachment":"scroll","background-type":"","background-media":"","overlay-type":"","overlay-color":"","overlay-opacity":"","overlay-gradient":""},"mobile":{"background-color":"var(--ast-global-color-5)","background-image":"","background-repeat":"repeat","background-position":"center center","background-size":"auto","background-attachment":"scroll","background-type":"","background-media":"","overlay-type":"","overlay-color":"","overlay-opacity":"","overlay-gradient":""}},"footnotes":""},"class_list":["post-294","page","type-page","status-publish","hentry"],"_links":{"self":[{"href":"https:\/\/zahnarzt-chudin.de\/ru\/wp-json\/wp\/v2\/pages\/294","targetHints":{"allow":["GET"]}}],"collection":[{"href":"https:\/\/zahnarzt-chudin.de\/ru\/wp-json\/wp\/v2\/pages"}],"about":[{"href":"https:\/\/zahnarzt-chudin.de\/ru\/wp-json\/wp\/v2\/types\/page"}],"author":[{"embeddable":true,"href":"https:\/\/zahnarzt-chudin.de\/ru\/wp-json\/wp\/v2\/users\/1"}],"replies":[{"embeddable":true,"href":"https:\/\/zahnarzt-chudin.de\/ru\/wp-json\/wp\/v2\/comments?post=294"}],"version-history":[{"count":52,"href":"https:\/\/zahnarzt-chudin.de\/ru\/wp-json\/wp\/v2\/pages\/294\/revisions"}],"predecessor-version":[{"id":1637,"href":"https:\/\/zahnarzt-chudin.de\/ru\/wp-json\/wp\/v2\/pages\/294\/revisions\/1637"}],"wp:attachment":[{"href":"https:\/\/zahnarzt-chudin.de\/ru\/wp-json\/wp\/v2\/media?parent=294"}],"curies":[{"name":"wp","href":"https:\/\/api.w.org\/{rel}","templated":true}]}}